{"id":10040,"date":"2021-07-07T18:15:42","date_gmt":"2021-07-24T16:46:52","guid":{"rendered":"http:\/\/alepposhop.eu\/product\/unkategorisiert\/quran-grosse-groesse-farben\/"},"modified":"2021-09-30T12:29:31","modified_gmt":"2021-09-30T10:29:31","slug":"quran-grosse-groesse-farben","status":"publish","type":"product","link":"https:\/\/alepposhop.eu\/de\/quran-grosse-groesse-farben\/","title":{"rendered":"Quran gro\u00dfe Gr\u00f6\u00dfe (Farben)"},"content":{"rendered":"<p style=\"text-align: center;\">\u00a0Gewicht : &#8211; g<\/p>\n<p style=\"text-align: center;\">Gro\u00dfer bunter Koran.<\/p>\n<p style=\"text-align: center;\">\n","protected":false},"excerpt":{"rendered":"<p>Quran, Koran, bunte Koran, gro\u00dfartiger Quran<\/p>\n","protected":false},"featured_media":7355,"template":"","meta":[],"product_brand":[],"product_cat":[78],"product_tag":[],"class_list":{"0":"post-10040","1":"product","2":"type-product","3":"status-publish","4":"has-post-thumbnail","6":"product_cat-islamisches","8":"first","9":"outofstock","10":"taxable","11":"shipping-taxable","12":"purchasable","13":"product-type-simple"},"_links":{"self":[{"href":"https:\/\/alepposhop.eu\/de\/wp-json\/wp\/v2\/product\/10040"}],"collection":[{"href":"https:\/\/alepposhop.eu\/de\/wp-json\/wp\/v2\/product"}],"about":[{"href":"https:\/\/alepposhop.eu\/de\/wp-json\/wp\/v2\/types\/product"}],"wp:featuredmedia":[{"embeddable":true,"href":"https:\/\/alepposhop.eu\/de\/wp-json\/wp\/v2\/media\/7355"}],"wp:attachment":[{"href":"https:\/\/alepposhop.eu\/de\/wp-json\/wp\/v2\/media?parent=10040"}],"wp:term":[{"taxonomy":"product_brand","embeddable":true,"href":"https:\/\/alepposhop.eu\/de\/wp-json\/wp\/v2\/product_brand?post=10040"},{"taxonomy":"product_cat","embeddable":true,"href":"https:\/\/alepposhop.eu\/de\/wp-json\/wp\/v2\/product_cat?post=10040"},{"taxonomy":"product_tag","embeddable":true,"href":"https:\/\/alepposhop.eu\/de\/wp-json\/wp\/v2\/product_tag?post=10040"}],"curies":[{"name":"wp","href":"https:\/\/api.w.org\/{rel}","templated":true}]}}