{"id":10044,"date":"2021-06-19T18:57:57","date_gmt":"2021-07-04T07:45:39","guid":{"rendered":"http:\/\/alepposhop.eu\/product\/unkategorisiert\/quran-grosse-groesse-mit-zaehler-samtrosa\/"},"modified":"2021-09-30T12:29:31","modified_gmt":"2021-09-30T10:29:31","slug":"quran-grosse-groesse-mit-zaehler-samtrosa","status":"publish","type":"product","link":"https:\/\/alepposhop.eu\/de\/quran-grosse-groesse-mit-zaehler-samtrosa\/","title":{"rendered":"Quran gro\u00dfe Gr\u00f6\u00dfe mit Z\u00e4hler (Samtrosa)"},"content":{"rendered":"<p style=\"text-align: center;\">\u00a0Gewicht : &#8211; g<\/p>\n<p style=\"text-align: center;\">Kurle Samt mit Blumenrosenkranz<\/p>\n<p style=\"text-align: center;\">\n","protected":false},"excerpt":{"rendered":"<p>Quran, Quran, Quran Samt, Rosenkranz<\/p>\n","protected":false},"featured_media":7359,"template":"","meta":[],"product_brand":[],"product_cat":[78],"product_tag":[],"class_list":{"0":"post-10044","1":"product","2":"type-product","3":"status-publish","4":"has-post-thumbnail","6":"product_cat-islamisches","8":"first","9":"instock","10":"taxable","11":"shipping-taxable","12":"purchasable","13":"product-type-simple"},"_links":{"self":[{"href":"https:\/\/alepposhop.eu\/de\/wp-json\/wp\/v2\/product\/10044"}],"collection":[{"href":"https:\/\/alepposhop.eu\/de\/wp-json\/wp\/v2\/product"}],"about":[{"href":"https:\/\/alepposhop.eu\/de\/wp-json\/wp\/v2\/types\/product"}],"wp:featuredmedia":[{"embeddable":true,"href":"https:\/\/alepposhop.eu\/de\/wp-json\/wp\/v2\/media\/7359"}],"wp:attachment":[{"href":"https:\/\/alepposhop.eu\/de\/wp-json\/wp\/v2\/media?parent=10044"}],"wp:term":[{"taxonomy":"product_brand","embeddable":true,"href":"https:\/\/alepposhop.eu\/de\/wp-json\/wp\/v2\/product_brand?post=10044"},{"taxonomy":"product_cat","embeddable":true,"href":"https:\/\/alepposhop.eu\/de\/wp-json\/wp\/v2\/product_cat?post=10044"},{"taxonomy":"product_tag","embeddable":true,"href":"https:\/\/alepposhop.eu\/de\/wp-json\/wp\/v2\/product_tag?post=10044"}],"curies":[{"name":"wp","href":"https:\/\/api.w.org\/{rel}","templated":true}]}}