{"id":10048,"date":"2021-07-07T13:37:30","date_gmt":"2021-05-31T23:24:56","guid":{"rendered":"http:\/\/alepposhop.eu\/product\/unkategorisiert\/quran-grosse-groesse-mit-zaehler-samtblau\/"},"modified":"2021-09-30T12:29:32","modified_gmt":"2021-09-30T10:29:32","slug":"quran-grosse-groesse-mit-zaehler-samtblau","status":"publish","type":"product","link":"https:\/\/alepposhop.eu\/de\/quran-grosse-groesse-mit-zaehler-samtblau\/","title":{"rendered":"Quran gro\u00dfe Gr\u00f6\u00dfe mit Z\u00e4hler (Samtblau)"},"content":{"rendered":"<p style=\"text-align: center;\">\u00a0Gewicht : &#8211; g<\/p>\n<p style=\"text-align: center;\">Kurle Samt mit einem Verfolgungsrosenkranz<\/p>\n<p style=\"text-align: center;\">\n","protected":false},"excerpt":{"rendered":"<p>Quran, Quran, Quran Samt, Rosenkranz<\/p>\n","protected":false},"featured_media":7363,"template":"","meta":[],"product_brand":[],"product_cat":[78],"product_tag":[],"class_list":{"0":"post-10048","1":"product","2":"type-product","3":"status-publish","4":"has-post-thumbnail","6":"product_cat-islamisches","8":"first","9":"outofstock","10":"taxable","11":"shipping-taxable","12":"purchasable","13":"product-type-simple"},"_links":{"self":[{"href":"https:\/\/alepposhop.eu\/de\/wp-json\/wp\/v2\/product\/10048"}],"collection":[{"href":"https:\/\/alepposhop.eu\/de\/wp-json\/wp\/v2\/product"}],"about":[{"href":"https:\/\/alepposhop.eu\/de\/wp-json\/wp\/v2\/types\/product"}],"wp:featuredmedia":[{"embeddable":true,"href":"https:\/\/alepposhop.eu\/de\/wp-json\/wp\/v2\/media\/7363"}],"wp:attachment":[{"href":"https:\/\/alepposhop.eu\/de\/wp-json\/wp\/v2\/media?parent=10048"}],"wp:term":[{"taxonomy":"product_brand","embeddable":true,"href":"https:\/\/alepposhop.eu\/de\/wp-json\/wp\/v2\/product_brand?post=10048"},{"taxonomy":"product_cat","embeddable":true,"href":"https:\/\/alepposhop.eu\/de\/wp-json\/wp\/v2\/product_cat?post=10048"},{"taxonomy":"product_tag","embeddable":true,"href":"https:\/\/alepposhop.eu\/de\/wp-json\/wp\/v2\/product_tag?post=10048"}],"curies":[{"name":"wp","href":"https:\/\/api.w.org\/{rel}","templated":true}]}}