{"id":10060,"date":"2021-06-04T18:20:42","date_gmt":"2021-06-26T20:55:31","guid":{"rendered":"http:\/\/alepposhop.eu\/product\/unkategorisiert\/quran-kleine-groesse-fuer-auto\/"},"modified":"2021-09-30T12:29:35","modified_gmt":"2021-09-30T10:29:35","slug":"quran-kleine-groesse-fuer-auto","status":"publish","type":"product","link":"https:\/\/alepposhop.eu\/de\/quran-kleine-groesse-fuer-auto\/","title":{"rendered":"Quran kleine Gr\u00f6\u00dfe (f\u00fcr Auto)"},"content":{"rendered":"<p style=\"text-align: center;\">\u00a0Gewicht : &#8211; g<\/p>\n<p style=\"text-align: center;\">Kleiner Koran-Autobl\u00fcte<\/p>\n<p style=\"text-align: center;\">\n","protected":false},"excerpt":{"rendered":"<p>Quran, Koran, kleiner Quran, Quran-Bl\u00fcte<\/p>\n","protected":false},"featured_media":7375,"template":"","meta":[],"product_brand":[],"product_cat":[78],"product_tag":[],"class_list":{"0":"post-10060","1":"product","2":"type-product","3":"status-publish","4":"has-post-thumbnail","6":"product_cat-islamisches","8":"first","9":"instock","10":"taxable","11":"shipping-taxable","12":"purchasable","13":"product-type-simple"},"_links":{"self":[{"href":"https:\/\/alepposhop.eu\/de\/wp-json\/wp\/v2\/product\/10060"}],"collection":[{"href":"https:\/\/alepposhop.eu\/de\/wp-json\/wp\/v2\/product"}],"about":[{"href":"https:\/\/alepposhop.eu\/de\/wp-json\/wp\/v2\/types\/product"}],"wp:featuredmedia":[{"embeddable":true,"href":"https:\/\/alepposhop.eu\/de\/wp-json\/wp\/v2\/media\/7375"}],"wp:attachment":[{"href":"https:\/\/alepposhop.eu\/de\/wp-json\/wp\/v2\/media?parent=10060"}],"wp:term":[{"taxonomy":"product_brand","embeddable":true,"href":"https:\/\/alepposhop.eu\/de\/wp-json\/wp\/v2\/product_brand?post=10060"},{"taxonomy":"product_cat","embeddable":true,"href":"https:\/\/alepposhop.eu\/de\/wp-json\/wp\/v2\/product_cat?post=10060"},{"taxonomy":"product_tag","embeddable":true,"href":"https:\/\/alepposhop.eu\/de\/wp-json\/wp\/v2\/product_tag?post=10060"}],"curies":[{"name":"wp","href":"https:\/\/api.w.org\/{rel}","templated":true}]}}