{"id":10797,"date":"2021-07-11T13:44:34","date_gmt":"2021-07-11T11:44:34","guid":{"rendered":"https:\/\/alepposhop.eu\/product\/4-k-natrual-pistazien-500g-orientalische-suessigkeiten-1-erfrischungsgetraenk-grosse-groesse\/"},"modified":"2021-09-16T00:00:01","modified_gmt":"2021-09-15T22:00:01","slug":"4-k-natrual-pistazien-500g-orientalische-suessigkeiten-1-erfrischungsgetraenk-grosse-groesse","status":"publish","type":"product","link":"https:\/\/alepposhop.eu\/de\/4-k-natrual-pistazien-500g-orientalische-suessigkeiten-1-erfrischungsgetraenk-grosse-groesse\/","title":{"rendered":"4 K Natrual Pistazien + 500g Orientalische S\u00fc\u00dfigkeiten + 1 Erfrischungsgetr\u00e4nk (gro\u00dfe Gr\u00f6\u00dfe)"},"content":{"rendered":"<p style=\"text-align: center;\">4 K Natrual Pistazien + 500g Orientalische S\u00fc\u00dfigkeiten + 1 Erfrischungsgetr\u00e4nk (gro\u00dfe Gr\u00f6\u00dfe)<\/p>\n<p style=\"text-align: center;\">\n","protected":false},"excerpt":{"rendered":"<p>4 K Natrual Pistazien + 500g Orientalische S\u00fc\u00dfigkeiten + 1 Erfrischungsgetr\u00e4nk (gro\u00dfe Gr\u00f6\u00dfe)<\/p>\n","protected":false},"featured_media":10798,"template":"","meta":[],"product_brand":[],"product_cat":[2280],"product_tag":[2349],"class_list":{"0":"post-10797","1":"product","2":"type-product","3":"status-publish","4":"has-post-thumbnail","6":"product_cat-wochentliche-angebote","7":"product_tag-4-k-natrual-pistazien-500g-orientalische-suessigkeiten-1-erfrischungsgetraenk-grosse-groesse","9":"first","10":"outofstock","11":"taxable","12":"shipping-taxable","13":"purchasable","14":"product-type-simple"},"_links":{"self":[{"href":"https:\/\/alepposhop.eu\/de\/wp-json\/wp\/v2\/product\/10797"}],"collection":[{"href":"https:\/\/alepposhop.eu\/de\/wp-json\/wp\/v2\/product"}],"about":[{"href":"https:\/\/alepposhop.eu\/de\/wp-json\/wp\/v2\/types\/product"}],"wp:featuredmedia":[{"embeddable":true,"href":"https:\/\/alepposhop.eu\/de\/wp-json\/wp\/v2\/media\/10798"}],"wp:attachment":[{"href":"https:\/\/alepposhop.eu\/de\/wp-json\/wp\/v2\/media?parent=10797"}],"wp:term":[{"taxonomy":"product_brand","embeddable":true,"href":"https:\/\/alepposhop.eu\/de\/wp-json\/wp\/v2\/product_brand?post=10797"},{"taxonomy":"product_cat","embeddable":true,"href":"https:\/\/alepposhop.eu\/de\/wp-json\/wp\/v2\/product_cat?post=10797"},{"taxonomy":"product_tag","embeddable":true,"href":"https:\/\/alepposhop.eu\/de\/wp-json\/wp\/v2\/product_tag?post=10797"}],"curies":[{"name":"wp","href":"https:\/\/api.w.org\/{rel}","templated":true}]}}