{"id":12255,"date":"2021-09-26T11:17:22","date_gmt":"2021-09-26T09:45:38","guid":{"rendered":"https:\/\/alepposhop.eu\/product\/al-osrah-thyme-gruen\/"},"modified":"2021-09-26T11:45:42","modified_gmt":"2021-09-26T09:45:42","slug":"al-osrah-thyme-gruen","status":"publish","type":"product","link":"https:\/\/alepposhop.eu\/de\/al-osrah-thyme-gruen\/","title":{"rendered":"Al-osrah thyme gr\u00fcn"},"content":{"rendered":"<p style=\"text-align: center;\">Eine Luxusmischung aus Thymiangr\u00fcn mit einem unverwechselbaren Geschmack<\/p>\n<p style=\"text-align: center;\">0<\/p>\n","protected":false},"excerpt":{"rendered":"<p>Fr\u00fchst\u00fcck, Thymian, gr\u00fcnes Thymian<\/p>\n","protected":false},"featured_media":11164,"template":"","meta":[],"product_brand":[],"product_cat":[2355],"product_tag":[],"class_list":{"0":"post-12255","1":"product","2":"type-product","3":"status-publish","4":"has-post-thumbnail","6":"product_cat-konserven","8":"first","9":"outofstock","10":"taxable","11":"shipping-taxable","12":"purchasable","13":"product-type-simple"},"_links":{"self":[{"href":"https:\/\/alepposhop.eu\/de\/wp-json\/wp\/v2\/product\/12255"}],"collection":[{"href":"https:\/\/alepposhop.eu\/de\/wp-json\/wp\/v2\/product"}],"about":[{"href":"https:\/\/alepposhop.eu\/de\/wp-json\/wp\/v2\/types\/product"}],"wp:featuredmedia":[{"embeddable":true,"href":"https:\/\/alepposhop.eu\/de\/wp-json\/wp\/v2\/media\/11164"}],"wp:attachment":[{"href":"https:\/\/alepposhop.eu\/de\/wp-json\/wp\/v2\/media?parent=12255"}],"wp:term":[{"taxonomy":"product_brand","embeddable":true,"href":"https:\/\/alepposhop.eu\/de\/wp-json\/wp\/v2\/product_brand?post=12255"},{"taxonomy":"product_cat","embeddable":true,"href":"https:\/\/alepposhop.eu\/de\/wp-json\/wp\/v2\/product_cat?post=12255"},{"taxonomy":"product_tag","embeddable":true,"href":"https:\/\/alepposhop.eu\/de\/wp-json\/wp\/v2\/product_tag?post=12255"}],"curies":[{"name":"wp","href":"https:\/\/api.w.org\/{rel}","templated":true}]}}