{"id":12299,"date":"2021-09-26T11:17:22","date_gmt":"2023-03-31T02:14:20","guid":{"rendered":"https:\/\/alepposhop.eu\/product\/samiri\/"},"modified":"2023-03-31T04:14:30","modified_gmt":"2023-03-31T02:14:30","slug":"samiri","status":"publish","type":"product","link":"https:\/\/alepposhop.eu\/de\/samiri\/","title":{"rendered":"Samiri."},"content":{"rendered":"<h2>Samiri.<\/h2>\n<p>Samiri, S\u00fc\u00dfigkeiten, Choco; a\u00df<\/p>\n<h2>Schokolade | Samiri | Samariti<\/h2>\n<p>Bonbons und Kekse<\/p>\n<h3>Kakao, Zucker, Milch, Butter<\/h3>\n","protected":false},"excerpt":{"rendered":"<p>Samiri, S\u00fc\u00dfigkeiten, Choco; a\u00df<\/p>\n","protected":false},"featured_media":11208,"template":"","meta":[],"product_brand":[],"product_cat":[73],"product_tag":[3498],"class_list":{"0":"post-12299","1":"product","2":"type-product","3":"status-publish","4":"has-post-thumbnail","6":"product_cat-bonbons-und-kekse","7":"product_tag-chocolate-de","9":"first","10":"instock","11":"taxable","12":"shipping-taxable","13":"purchasable","14":"product-type-simple"},"_links":{"self":[{"href":"https:\/\/alepposhop.eu\/de\/wp-json\/wp\/v2\/product\/12299"}],"collection":[{"href":"https:\/\/alepposhop.eu\/de\/wp-json\/wp\/v2\/product"}],"about":[{"href":"https:\/\/alepposhop.eu\/de\/wp-json\/wp\/v2\/types\/product"}],"wp:featuredmedia":[{"embeddable":true,"href":"https:\/\/alepposhop.eu\/de\/wp-json\/wp\/v2\/media\/11208"}],"wp:attachment":[{"href":"https:\/\/alepposhop.eu\/de\/wp-json\/wp\/v2\/media?parent=12299"}],"wp:term":[{"taxonomy":"product_brand","embeddable":true,"href":"https:\/\/alepposhop.eu\/de\/wp-json\/wp\/v2\/product_brand?post=12299"},{"taxonomy":"product_cat","embeddable":true,"href":"https:\/\/alepposhop.eu\/de\/wp-json\/wp\/v2\/product_cat?post=12299"},{"taxonomy":"product_tag","embeddable":true,"href":"https:\/\/alepposhop.eu\/de\/wp-json\/wp\/v2\/product_tag?post=12299"}],"curies":[{"name":"wp","href":"https:\/\/api.w.org\/{rel}","templated":true}]}}