{"id":12351,"date":"2021-09-26T11:18:12","date_gmt":"2021-09-26T09:46:33","guid":{"rendered":"https:\/\/alepposhop.eu\/product\/puddingpulver\/"},"modified":"2021-09-26T11:46:46","modified_gmt":"2021-09-26T09:46:46","slug":"puddingpulver","status":"publish","type":"product","link":"https:\/\/alepposhop.eu\/de\/puddingpulver\/","title":{"rendered":"Puddingpulver"},"content":{"rendered":"<p style=\"text-align: center;\">Vanillepudding ist ein bekanntes Dessert auf der ganzen Welt, es gilt als einer der beliebtesten S\u00fc\u00dfigkeiten f\u00fcr viele Menschen, insbesondere Kinder. Es zeichnet sich durch seinen k\u00f6stlichen Geschmack und seine sch\u00f6ne attraktive Form aus.<\/p>\n<p style=\"text-align: center;\">Halal.<\/p>\n","protected":false},"excerpt":{"rendered":"<p>Rollrad, vanille, radrad pulver<\/p>\n","protected":false},"featured_media":11260,"template":"","meta":[],"product_brand":[],"product_cat":[73],"product_tag":[],"class_list":{"0":"post-12351","1":"product","2":"type-product","3":"status-publish","4":"has-post-thumbnail","6":"product_cat-bonbons-und-kekse","8":"first","9":"instock","10":"taxable","11":"shipping-taxable","12":"purchasable","13":"product-type-simple"},"_links":{"self":[{"href":"https:\/\/alepposhop.eu\/de\/wp-json\/wp\/v2\/product\/12351"}],"collection":[{"href":"https:\/\/alepposhop.eu\/de\/wp-json\/wp\/v2\/product"}],"about":[{"href":"https:\/\/alepposhop.eu\/de\/wp-json\/wp\/v2\/types\/product"}],"wp:featuredmedia":[{"embeddable":true,"href":"https:\/\/alepposhop.eu\/de\/wp-json\/wp\/v2\/media\/11260"}],"wp:attachment":[{"href":"https:\/\/alepposhop.eu\/de\/wp-json\/wp\/v2\/media?parent=12351"}],"wp:term":[{"taxonomy":"product_brand","embeddable":true,"href":"https:\/\/alepposhop.eu\/de\/wp-json\/wp\/v2\/product_brand?post=12351"},{"taxonomy":"product_cat","embeddable":true,"href":"https:\/\/alepposhop.eu\/de\/wp-json\/wp\/v2\/product_cat?post=12351"},{"taxonomy":"product_tag","embeddable":true,"href":"https:\/\/alepposhop.eu\/de\/wp-json\/wp\/v2\/product_tag?post=12351"}],"curies":[{"name":"wp","href":"https:\/\/api.w.org\/{rel}","templated":true}]}}