{"id":12395,"date":"2021-09-26T11:18:12","date_gmt":"2021-09-26T09:46:33","guid":{"rendered":"https:\/\/alepposhop.eu\/product\/meister-chips-kaese\/"},"modified":"2021-11-09T23:00:11","modified_gmt":"2021-11-09T22:00:11","slug":"meister-chips-kaese","status":"publish","type":"product","link":"https:\/\/alepposhop.eu\/de\/meister-chips-kaese\/","title":{"rendered":"Meister Chips K\u00e4se."},"content":{"rendered":"<p style=\"text-align: center;\">Master-Chips mit k\u00f6stlichem franz\u00f6sischem K\u00e4segeschmack<\/p>\n<p style=\"text-align: center;\">0<\/p>\n","protected":false},"excerpt":{"rendered":"<p>Kartoffelchips, Kartoffelchips, Kartoffel, Chips Meister, franz\u00f6sischer Danfry-Geschmack<\/p>\n","protected":false},"featured_media":11304,"template":"","meta":[],"product_brand":[],"product_cat":[73],"product_tag":[],"class_list":{"0":"post-12395","1":"product","2":"type-product","3":"status-publish","4":"has-post-thumbnail","6":"product_cat-bonbons-und-kekse","8":"first","9":"outofstock","10":"taxable","11":"shipping-taxable","12":"purchasable","13":"product-type-simple"},"_links":{"self":[{"href":"https:\/\/alepposhop.eu\/de\/wp-json\/wp\/v2\/product\/12395"}],"collection":[{"href":"https:\/\/alepposhop.eu\/de\/wp-json\/wp\/v2\/product"}],"about":[{"href":"https:\/\/alepposhop.eu\/de\/wp-json\/wp\/v2\/types\/product"}],"wp:featuredmedia":[{"embeddable":true,"href":"https:\/\/alepposhop.eu\/de\/wp-json\/wp\/v2\/media\/11304"}],"wp:attachment":[{"href":"https:\/\/alepposhop.eu\/de\/wp-json\/wp\/v2\/media?parent=12395"}],"wp:term":[{"taxonomy":"product_brand","embeddable":true,"href":"https:\/\/alepposhop.eu\/de\/wp-json\/wp\/v2\/product_brand?post=12395"},{"taxonomy":"product_cat","embeddable":true,"href":"https:\/\/alepposhop.eu\/de\/wp-json\/wp\/v2\/product_cat?post=12395"},{"taxonomy":"product_tag","embeddable":true,"href":"https:\/\/alepposhop.eu\/de\/wp-json\/wp\/v2\/product_tag?post=12395"}],"curies":[{"name":"wp","href":"https:\/\/api.w.org\/{rel}","templated":true}]}}