{"id":12459,"date":"2021-09-26T11:19:04","date_gmt":"2021-09-26T09:47:35","guid":{"rendered":"https:\/\/alepposhop.eu\/product\/kiri-kaese-6-stueck\/"},"modified":"2021-09-26T11:48:11","modified_gmt":"2021-09-26T09:48:11","slug":"kiri-kaese-6-stueck","status":"publish","type":"product","link":"https:\/\/alepposhop.eu\/de\/kiri-kaese-6-stueck\/","title":{"rendered":"Kiri-K\u00e4se (6 St\u00fcck)"},"content":{"rendered":"<p style=\"text-align: center;\">Kiri-K\u00e4se ist eine Art verarbeiteter K\u00e4se, der von den Verbrauchern aufgrund seines sch\u00f6nen und wundervollen Geschmacks h\u00e4ufig verwendet wird. Es ist in vielen k\u00f6stlichen Dessertsrezepten enthalten.<\/p>\n<p style=\"text-align: center;\">0<\/p>\n","protected":false},"excerpt":{"rendered":"<p>Verarbeiteter K\u00e4se, Kiri-K\u00e4se, cremiger K\u00e4se<\/p>\n","protected":false},"featured_media":11368,"template":"","meta":[],"product_brand":[],"product_cat":[2355],"product_tag":[],"class_list":{"0":"post-12459","1":"product","2":"type-product","3":"status-publish","4":"has-post-thumbnail","6":"product_cat-konserven","8":"first","9":"outofstock","10":"taxable","11":"shipping-taxable","12":"purchasable","13":"product-type-simple"},"_links":{"self":[{"href":"https:\/\/alepposhop.eu\/de\/wp-json\/wp\/v2\/product\/12459"}],"collection":[{"href":"https:\/\/alepposhop.eu\/de\/wp-json\/wp\/v2\/product"}],"about":[{"href":"https:\/\/alepposhop.eu\/de\/wp-json\/wp\/v2\/types\/product"}],"wp:featuredmedia":[{"embeddable":true,"href":"https:\/\/alepposhop.eu\/de\/wp-json\/wp\/v2\/media\/11368"}],"wp:attachment":[{"href":"https:\/\/alepposhop.eu\/de\/wp-json\/wp\/v2\/media?parent=12459"}],"wp:term":[{"taxonomy":"product_brand","embeddable":true,"href":"https:\/\/alepposhop.eu\/de\/wp-json\/wp\/v2\/product_brand?post=12459"},{"taxonomy":"product_cat","embeddable":true,"href":"https:\/\/alepposhop.eu\/de\/wp-json\/wp\/v2\/product_cat?post=12459"},{"taxonomy":"product_tag","embeddable":true,"href":"https:\/\/alepposhop.eu\/de\/wp-json\/wp\/v2\/product_tag?post=12459"}],"curies":[{"name":"wp","href":"https:\/\/api.w.org\/{rel}","templated":true}]}}