{"id":12471,"date":"2021-09-26T11:19:04","date_gmt":"2021-09-26T09:47:35","guid":{"rendered":"https:\/\/alepposhop.eu\/product\/nestle-creme\/"},"modified":"2021-09-26T11:48:20","modified_gmt":"2021-09-26T09:48:20","slug":"nestle-creme","status":"publish","type":"product","link":"https:\/\/alepposhop.eu\/de\/nestle-creme\/","title":{"rendered":"Nestl\u00e9-Creme"},"content":{"rendered":"<p style=\"text-align: center;\">Nestl\u00e9 ist ein k\u00f6stlicher Geschmack f\u00fcr verschiedene Dessertgerichte<\/p>\n<p style=\"text-align: center;\">0<\/p>\n","protected":false},"excerpt":{"rendered":"<p>Nestl\u00e9-Creme<\/p>\n","protected":false},"featured_media":11380,"template":"","meta":[],"product_brand":[],"product_cat":[2355],"product_tag":[],"class_list":{"0":"post-12471","1":"product","2":"type-product","3":"status-publish","4":"has-post-thumbnail","6":"product_cat-konserven","8":"first","9":"outofstock","10":"taxable","11":"shipping-taxable","12":"purchasable","13":"product-type-simple"},"_links":{"self":[{"href":"https:\/\/alepposhop.eu\/de\/wp-json\/wp\/v2\/product\/12471"}],"collection":[{"href":"https:\/\/alepposhop.eu\/de\/wp-json\/wp\/v2\/product"}],"about":[{"href":"https:\/\/alepposhop.eu\/de\/wp-json\/wp\/v2\/types\/product"}],"wp:featuredmedia":[{"embeddable":true,"href":"https:\/\/alepposhop.eu\/de\/wp-json\/wp\/v2\/media\/11380"}],"wp:attachment":[{"href":"https:\/\/alepposhop.eu\/de\/wp-json\/wp\/v2\/media?parent=12471"}],"wp:term":[{"taxonomy":"product_brand","embeddable":true,"href":"https:\/\/alepposhop.eu\/de\/wp-json\/wp\/v2\/product_brand?post=12471"},{"taxonomy":"product_cat","embeddable":true,"href":"https:\/\/alepposhop.eu\/de\/wp-json\/wp\/v2\/product_cat?post=12471"},{"taxonomy":"product_tag","embeddable":true,"href":"https:\/\/alepposhop.eu\/de\/wp-json\/wp\/v2\/product_tag?post=12471"}],"curies":[{"name":"wp","href":"https:\/\/api.w.org\/{rel}","templated":true}]}}