{"id":12503,"date":"2021-09-26T11:19:59","date_gmt":"2021-09-26T09:48:39","guid":{"rendered":"https:\/\/alepposhop.eu\/product\/la-vache-qui-rit-kaese-8-stueck\/"},"modified":"2021-09-26T11:48:47","modified_gmt":"2021-09-26T09:48:47","slug":"la-vache-qui-rit-kaese-8-stueck","status":"publish","type":"product","link":"https:\/\/alepposhop.eu\/de\/la-vache-qui-rit-kaese-8-stueck\/","title":{"rendered":"La vache qui rit k\u00e4se (8 st\u00fcck)"},"content":{"rendered":"<p style=\"text-align: center;\">La vache qui rit k\u00e4se ist ein wunderbarer und unwiderstehlicher geschmack<\/p>\n<p style=\"text-align: center;\">0<\/p>\n","protected":false},"excerpt":{"rendered":"<p>Verarbeiteter K\u00e4se, La Vache Qui Rit K\u00e4se, Dreiecksk\u00e4se<\/p>\n","protected":false},"featured_media":11412,"template":"","meta":[],"product_brand":[],"product_cat":[2355],"product_tag":[],"class_list":{"0":"post-12503","1":"product","2":"type-product","3":"status-publish","4":"has-post-thumbnail","6":"product_cat-konserven","8":"first","9":"outofstock","10":"taxable","11":"shipping-taxable","12":"purchasable","13":"product-type-simple"},"_links":{"self":[{"href":"https:\/\/alepposhop.eu\/de\/wp-json\/wp\/v2\/product\/12503"}],"collection":[{"href":"https:\/\/alepposhop.eu\/de\/wp-json\/wp\/v2\/product"}],"about":[{"href":"https:\/\/alepposhop.eu\/de\/wp-json\/wp\/v2\/types\/product"}],"wp:featuredmedia":[{"embeddable":true,"href":"https:\/\/alepposhop.eu\/de\/wp-json\/wp\/v2\/media\/11412"}],"wp:attachment":[{"href":"https:\/\/alepposhop.eu\/de\/wp-json\/wp\/v2\/media?parent=12503"}],"wp:term":[{"taxonomy":"product_brand","embeddable":true,"href":"https:\/\/alepposhop.eu\/de\/wp-json\/wp\/v2\/product_brand?post=12503"},{"taxonomy":"product_cat","embeddable":true,"href":"https:\/\/alepposhop.eu\/de\/wp-json\/wp\/v2\/product_cat?post=12503"},{"taxonomy":"product_tag","embeddable":true,"href":"https:\/\/alepposhop.eu\/de\/wp-json\/wp\/v2\/product_tag?post=12503"}],"curies":[{"name":"wp","href":"https:\/\/api.w.org\/{rel}","templated":true}]}}