{"id":12539,"date":"2021-09-26T11:19:59","date_gmt":"2021-09-26T09:48:39","guid":{"rendered":"https:\/\/alepposhop.eu\/product\/trockene-mallow-sham-farmen\/"},"modified":"2021-09-26T11:49:17","modified_gmt":"2021-09-26T09:49:17","slug":"trockene-mallow-sham-farmen","status":"publish","type":"product","link":"https:\/\/alepposhop.eu\/de\/trockene-mallow-sham-farmen\/","title":{"rendered":"Trockene Mallow-Sham-Farmen"},"content":{"rendered":"<p style=\"text-align: center;\">Getrocknete Molokhia-Bl\u00e4tter f\u00fcr ein k\u00f6stliches Gericht<\/p>\n<p style=\"text-align: center;\">0<\/p>\n","protected":false},"excerpt":{"rendered":"<p>Malukhia, Molokhia-Bl\u00e4tter, getrocknete Molokhia, trockene Malve<\/p>\n","protected":false},"featured_media":11448,"template":"","meta":[],"product_brand":[],"product_cat":[2355],"product_tag":[],"class_list":{"0":"post-12539","1":"product","2":"type-product","3":"status-publish","4":"has-post-thumbnail","6":"product_cat-konserven","8":"first","9":"outofstock","10":"taxable","11":"shipping-taxable","12":"purchasable","13":"product-type-simple"},"_links":{"self":[{"href":"https:\/\/alepposhop.eu\/de\/wp-json\/wp\/v2\/product\/12539"}],"collection":[{"href":"https:\/\/alepposhop.eu\/de\/wp-json\/wp\/v2\/product"}],"about":[{"href":"https:\/\/alepposhop.eu\/de\/wp-json\/wp\/v2\/types\/product"}],"wp:featuredmedia":[{"embeddable":true,"href":"https:\/\/alepposhop.eu\/de\/wp-json\/wp\/v2\/media\/11448"}],"wp:attachment":[{"href":"https:\/\/alepposhop.eu\/de\/wp-json\/wp\/v2\/media?parent=12539"}],"wp:term":[{"taxonomy":"product_brand","embeddable":true,"href":"https:\/\/alepposhop.eu\/de\/wp-json\/wp\/v2\/product_brand?post=12539"},{"taxonomy":"product_cat","embeddable":true,"href":"https:\/\/alepposhop.eu\/de\/wp-json\/wp\/v2\/product_cat?post=12539"},{"taxonomy":"product_tag","embeddable":true,"href":"https:\/\/alepposhop.eu\/de\/wp-json\/wp\/v2\/product_tag?post=12539"}],"curies":[{"name":"wp","href":"https:\/\/api.w.org\/{rel}","templated":true}]}}