{"id":12611,"date":"2021-09-26T11:20:52","date_gmt":"2021-09-26T09:49:44","guid":{"rendered":"https:\/\/alepposhop.eu\/product\/veneto-mandarin-225-l-familiengroesse\/"},"modified":"2022-02-13T15:47:09","modified_gmt":"2022-02-13T14:47:09","slug":"veneto-mandarin-225-l-familiengroesse","status":"publish","type":"product","link":"https:\/\/alepposhop.eu\/de\/veneto-mandarin-225-l-familiengroesse\/","title":{"rendered":"Veneto Mandarin 2,25 l (Familiengr\u00f6\u00dfe)"},"content":{"rendered":"<p style=\"text-align: center;\">Veneto Manderin Soft Drink Fruchtgeschmack<\/p>\n<p style=\"text-align: center;\">0<\/p>\n","protected":false},"excerpt":{"rendered":"<p>Erfrischungsgetr\u00e4nk, Fruchtgetr\u00e4nk, Familiengr\u00f6\u00dfe, Veneto Mandarin<\/p>\n","protected":false},"featured_media":11520,"template":"","meta":[],"product_brand":[],"product_cat":[74],"product_tag":[],"class_list":{"0":"post-12611","1":"product","2":"type-product","3":"status-publish","4":"has-post-thumbnail","6":"product_cat-getranke-und-safte","8":"first","9":"outofstock","10":"taxable","11":"shipping-taxable","12":"purchasable","13":"product-type-simple"},"_links":{"self":[{"href":"https:\/\/alepposhop.eu\/de\/wp-json\/wp\/v2\/product\/12611"}],"collection":[{"href":"https:\/\/alepposhop.eu\/de\/wp-json\/wp\/v2\/product"}],"about":[{"href":"https:\/\/alepposhop.eu\/de\/wp-json\/wp\/v2\/types\/product"}],"wp:featuredmedia":[{"embeddable":true,"href":"https:\/\/alepposhop.eu\/de\/wp-json\/wp\/v2\/media\/11520"}],"wp:attachment":[{"href":"https:\/\/alepposhop.eu\/de\/wp-json\/wp\/v2\/media?parent=12611"}],"wp:term":[{"taxonomy":"product_brand","embeddable":true,"href":"https:\/\/alepposhop.eu\/de\/wp-json\/wp\/v2\/product_brand?post=12611"},{"taxonomy":"product_cat","embeddable":true,"href":"https:\/\/alepposhop.eu\/de\/wp-json\/wp\/v2\/product_cat?post=12611"},{"taxonomy":"product_tag","embeddable":true,"href":"https:\/\/alepposhop.eu\/de\/wp-json\/wp\/v2\/product_tag?post=12611"}],"curies":[{"name":"wp","href":"https:\/\/api.w.org\/{rel}","templated":true}]}}