{"id":12636,"date":"2021-09-26T11:20:52","date_gmt":"2021-09-26T09:49:44","guid":{"rendered":"https:\/\/alepposhop.eu\/product\/gurles-wild-thymiane\/"},"modified":"2024-09-17T07:52:31","modified_gmt":"2024-09-17T05:52:31","slug":"gurles-wild-thymiane","status":"publish","type":"product","link":"https:\/\/alepposhop.eu\/de\/gurles-wild-thymiane\/","title":{"rendered":"Gr\u00fcner wilder Thymian"},"content":{"rendered":"<p style=\"text-align: center\">Gewicht : 1000 gr<\/p>\n<p style=\"text-align: center\">Wildes gr\u00fcnes Thymian, das in Wasser und Salz aufbewahrt wird, f\u00fcr Salate, k\u00f6stliche Kuchen, Oliven, Labneh, K\u00e4se und viele Fr\u00fchst\u00fccksgerichte verwendet.<\/p>\n<p style=\"text-align: center\">Hausgemacht<\/p>\n","protected":false},"excerpt":{"rendered":"<p>Thymian, gr\u00fcnes Thymian, wildes Thymian<\/p>\n","protected":false},"featured_media":11544,"template":"","meta":[],"product_brand":[],"product_cat":[68],"product_tag":[],"class_list":{"0":"post-12636","1":"product","2":"type-product","3":"status-publish","4":"has-post-thumbnail","6":"product_cat-lebensmittelversorgung","8":"first","9":"outofstock","10":"taxable","11":"shipping-taxable","12":"purchasable","13":"product-type-simple"},"_links":{"self":[{"href":"https:\/\/alepposhop.eu\/de\/wp-json\/wp\/v2\/product\/12636"}],"collection":[{"href":"https:\/\/alepposhop.eu\/de\/wp-json\/wp\/v2\/product"}],"about":[{"href":"https:\/\/alepposhop.eu\/de\/wp-json\/wp\/v2\/types\/product"}],"wp:featuredmedia":[{"embeddable":true,"href":"https:\/\/alepposhop.eu\/de\/wp-json\/wp\/v2\/media\/11544"}],"wp:attachment":[{"href":"https:\/\/alepposhop.eu\/de\/wp-json\/wp\/v2\/media?parent=12636"}],"wp:term":[{"taxonomy":"product_brand","embeddable":true,"href":"https:\/\/alepposhop.eu\/de\/wp-json\/wp\/v2\/product_brand?post=12636"},{"taxonomy":"product_cat","embeddable":true,"href":"https:\/\/alepposhop.eu\/de\/wp-json\/wp\/v2\/product_cat?post=12636"},{"taxonomy":"product_tag","embeddable":true,"href":"https:\/\/alepposhop.eu\/de\/wp-json\/wp\/v2\/product_tag?post=12636"}],"curies":[{"name":"wp","href":"https:\/\/api.w.org\/{rel}","templated":true}]}}