{"id":12640,"date":"2021-09-26T11:20:52","date_gmt":"2021-09-26T09:49:44","guid":{"rendered":"https:\/\/alepposhop.eu\/product\/weizenkorn\/"},"modified":"2021-11-09T23:00:12","modified_gmt":"2021-11-09T22:00:12","slug":"weizenkorn","status":"publish","type":"product","link":"https:\/\/alepposhop.eu\/de\/weizenkorn\/","title":{"rendered":"Weizenkorn"},"content":{"rendered":"<p style=\"text-align: center;\">Vollweizk\u00f6rner enthalten eine gro\u00dfe Menge Faser, Vitamine und Mineralien, die der K\u00f6rper braucht. Weizenk\u00f6rner werden in vielen k\u00f6stlichen Gerichten verwendet.<\/p>\n<p style=\"text-align: center;\">Hausgemacht<\/p>\n","protected":false},"excerpt":{"rendered":"<p>Getreide, Weizenk\u00f6rner, Weizen<\/p>\n","protected":false},"featured_media":11548,"template":"","meta":[],"product_brand":[],"product_cat":[4757],"product_tag":[],"class_list":{"0":"post-12640","1":"product","2":"type-product","3":"status-publish","4":"has-post-thumbnail","6":"product_cat-getreide","8":"first","9":"instock","10":"taxable","11":"shipping-taxable","12":"purchasable","13":"product-type-simple"},"_links":{"self":[{"href":"https:\/\/alepposhop.eu\/de\/wp-json\/wp\/v2\/product\/12640"}],"collection":[{"href":"https:\/\/alepposhop.eu\/de\/wp-json\/wp\/v2\/product"}],"about":[{"href":"https:\/\/alepposhop.eu\/de\/wp-json\/wp\/v2\/types\/product"}],"wp:featuredmedia":[{"embeddable":true,"href":"https:\/\/alepposhop.eu\/de\/wp-json\/wp\/v2\/media\/11548"}],"wp:attachment":[{"href":"https:\/\/alepposhop.eu\/de\/wp-json\/wp\/v2\/media?parent=12640"}],"wp:term":[{"taxonomy":"product_brand","embeddable":true,"href":"https:\/\/alepposhop.eu\/de\/wp-json\/wp\/v2\/product_brand?post=12640"},{"taxonomy":"product_cat","embeddable":true,"href":"https:\/\/alepposhop.eu\/de\/wp-json\/wp\/v2\/product_cat?post=12640"},{"taxonomy":"product_tag","embeddable":true,"href":"https:\/\/alepposhop.eu\/de\/wp-json\/wp\/v2\/product_tag?post=12640"}],"curies":[{"name":"wp","href":"https:\/\/api.w.org\/{rel}","templated":true}]}}