{"id":12652,"date":"2021-09-26T11:50:59","date_gmt":"2021-09-26T09:50:59","guid":{"rendered":"https:\/\/alepposhop.eu\/product\/blaue-baby-aufkleber-dekoration\/"},"modified":"2021-09-26T11:50:59","modified_gmt":"2021-09-26T09:50:59","slug":"blaue-baby-aufkleber-dekoration","status":"publish","type":"product","link":"https:\/\/alepposhop.eu\/de\/blaue-baby-aufkleber-dekoration\/","title":{"rendered":"Blaue Baby-Aufkleber-Dekoration"},"content":{"rendered":"<p style=\"text-align: center;\">Aufkleberdekorationen Geeignet f\u00fcr Neugeborene in den verschiedenen Formen<\/p>\n<p style=\"text-align: center;\">0<\/p>\n","protected":false},"excerpt":{"rendered":"<p>Zubeh\u00f6r, Babyzubeh\u00f6r, Aufkleberzubeh\u00f6r, Aufkleberdekorationen<\/p>\n","protected":false},"featured_media":12653,"template":"","meta":[],"product_brand":[],"product_cat":[79],"product_tag":[],"class_list":{"0":"post-12652","1":"product","2":"type-product","3":"status-publish","4":"has-post-thumbnail","6":"product_cat-games-und-spielzeuge","8":"first","9":"instock","10":"taxable","11":"shipping-taxable","12":"purchasable","13":"product-type-simple"},"_links":{"self":[{"href":"https:\/\/alepposhop.eu\/de\/wp-json\/wp\/v2\/product\/12652"}],"collection":[{"href":"https:\/\/alepposhop.eu\/de\/wp-json\/wp\/v2\/product"}],"about":[{"href":"https:\/\/alepposhop.eu\/de\/wp-json\/wp\/v2\/types\/product"}],"wp:featuredmedia":[{"embeddable":true,"href":"https:\/\/alepposhop.eu\/de\/wp-json\/wp\/v2\/media\/12653"}],"wp:attachment":[{"href":"https:\/\/alepposhop.eu\/de\/wp-json\/wp\/v2\/media?parent=12652"}],"wp:term":[{"taxonomy":"product_brand","embeddable":true,"href":"https:\/\/alepposhop.eu\/de\/wp-json\/wp\/v2\/product_brand?post=12652"},{"taxonomy":"product_cat","embeddable":true,"href":"https:\/\/alepposhop.eu\/de\/wp-json\/wp\/v2\/product_cat?post=12652"},{"taxonomy":"product_tag","embeddable":true,"href":"https:\/\/alepposhop.eu\/de\/wp-json\/wp\/v2\/product_tag?post=12652"}],"curies":[{"name":"wp","href":"https:\/\/api.w.org\/{rel}","templated":true}]}}