{"id":12768,"date":"2021-09-26T11:22:43","date_gmt":"2021-09-26T09:51:59","guid":{"rendered":"https:\/\/alepposhop.eu\/product\/kanakri-erdnuesse-ketchup\/"},"modified":"2022-05-23T00:00:00","modified_gmt":"2022-05-22T22:00:00","slug":"kanakri-erdnuesse-ketchup","status":"publish","type":"product","link":"https:\/\/alepposhop.eu\/de\/kanakri-erdnuesse-ketchup\/","title":{"rendered":"Kanakri Erdn\u00fcsse Ketchup."},"content":{"rendered":"<p style=\"text-align: center;\">Knusprige Kanakri Erdn\u00fcsse gebraten und mit dem k\u00f6stlichen Geschmack von Ketchup gew\u00fcrzt<\/p>\n<p style=\"text-align: center;\">0<\/p>\n","protected":false},"excerpt":{"rendered":"<p>Kanakri Erdn\u00fcsse Ketchup.<\/p>\n","protected":false},"featured_media":11676,"template":"","meta":[],"product_brand":[],"product_cat":[71],"product_tag":[],"class_list":{"0":"post-12768","1":"product","2":"type-product","3":"status-publish","4":"has-post-thumbnail","6":"product_cat-nusse-und-samen","8":"first","9":"instock","10":"taxable","11":"shipping-taxable","12":"purchasable","13":"product-type-simple"},"_links":{"self":[{"href":"https:\/\/alepposhop.eu\/de\/wp-json\/wp\/v2\/product\/12768"}],"collection":[{"href":"https:\/\/alepposhop.eu\/de\/wp-json\/wp\/v2\/product"}],"about":[{"href":"https:\/\/alepposhop.eu\/de\/wp-json\/wp\/v2\/types\/product"}],"wp:featuredmedia":[{"embeddable":true,"href":"https:\/\/alepposhop.eu\/de\/wp-json\/wp\/v2\/media\/11676"}],"wp:attachment":[{"href":"https:\/\/alepposhop.eu\/de\/wp-json\/wp\/v2\/media?parent=12768"}],"wp:term":[{"taxonomy":"product_brand","embeddable":true,"href":"https:\/\/alepposhop.eu\/de\/wp-json\/wp\/v2\/product_brand?post=12768"},{"taxonomy":"product_cat","embeddable":true,"href":"https:\/\/alepposhop.eu\/de\/wp-json\/wp\/v2\/product_cat?post=12768"},{"taxonomy":"product_tag","embeddable":true,"href":"https:\/\/alepposhop.eu\/de\/wp-json\/wp\/v2\/product_tag?post=12768"}],"curies":[{"name":"wp","href":"https:\/\/api.w.org\/{rel}","templated":true}]}}