{"id":12772,"date":"2021-09-26T11:22:43","date_gmt":"2021-09-26T09:51:59","guid":{"rendered":"https:\/\/alepposhop.eu\/product\/kanakri-erdanuts-kaese\/"},"modified":"2025-02-11T21:21:41","modified_gmt":"2025-02-11T20:21:41","slug":"kanakri-erdanuts-kaese","status":"publish","type":"product","link":"https:\/\/alepposhop.eu\/de\/kanakri-erdanuts-kaese\/","title":{"rendered":"Erdnusscracker K\u00e4se (Kanaker)"},"content":{"rendered":"<p style=\"text-align: center\">Gewicht: 250 g<\/p>\n<p style=\"text-align: center\">Mit einer Schicht aromatisiertem Teig umh\u00fcllte und ger\u00f6stete Erdn\u00fcsse, gew\u00fcrzt mit einem k\u00f6stlichen knusprigen K\u00e4segeschmack.<\/p>\n<p style=\"text-align: center\">\n","protected":false},"excerpt":{"rendered":"<p>Kanakri Erdanuts-K\u00e4se.<\/p>\n","protected":false},"featured_media":11680,"template":"","meta":[],"product_brand":[],"product_cat":[71],"product_tag":[],"class_list":{"0":"post-12772","1":"product","2":"type-product","3":"status-publish","4":"has-post-thumbnail","6":"product_cat-nusse-und-samen","8":"first","9":"instock","10":"taxable","11":"shipping-taxable","12":"purchasable","13":"product-type-simple"},"_links":{"self":[{"href":"https:\/\/alepposhop.eu\/de\/wp-json\/wp\/v2\/product\/12772"}],"collection":[{"href":"https:\/\/alepposhop.eu\/de\/wp-json\/wp\/v2\/product"}],"about":[{"href":"https:\/\/alepposhop.eu\/de\/wp-json\/wp\/v2\/types\/product"}],"wp:featuredmedia":[{"embeddable":true,"href":"https:\/\/alepposhop.eu\/de\/wp-json\/wp\/v2\/media\/11680"}],"wp:attachment":[{"href":"https:\/\/alepposhop.eu\/de\/wp-json\/wp\/v2\/media?parent=12772"}],"wp:term":[{"taxonomy":"product_brand","embeddable":true,"href":"https:\/\/alepposhop.eu\/de\/wp-json\/wp\/v2\/product_brand?post=12772"},{"taxonomy":"product_cat","embeddable":true,"href":"https:\/\/alepposhop.eu\/de\/wp-json\/wp\/v2\/product_cat?post=12772"},{"taxonomy":"product_tag","embeddable":true,"href":"https:\/\/alepposhop.eu\/de\/wp-json\/wp\/v2\/product_tag?post=12772"}],"curies":[{"name":"wp","href":"https:\/\/api.w.org\/{rel}","templated":true}]}}