{"id":12788,"date":"2021-09-26T11:22:43","date_gmt":"2021-09-26T09:51:59","guid":{"rendered":"https:\/\/alepposhop.eu\/product\/abido-knusprige-gewuerze-2\/"},"modified":"2023-11-11T03:00:49","modified_gmt":"2023-11-11T02:00:49","slug":"knusprige-gewuerze-2","status":"publish","type":"product","link":"https:\/\/alepposhop.eu\/de\/knusprige-gewuerze-2\/","title":{"rendered":"knusprige Gew\u00fcrze."},"content":{"rendered":"<p style=\"text-align: center\">Knusprige Mischung, die einen unverwechselbaren Geschmack verleiht, f\u00fcgt Fleisch und H\u00e4hnchen einen k\u00f6stlichen knusprigen Geschmack hinzu.<\/p>\n<p style=\"text-align: center\">\n","protected":false},"excerpt":{"rendered":"<p>Gew\u00fcrze, Gew\u00fcrze, knusprige Gew\u00fcrze,<\/p>\n","protected":false},"featured_media":27317,"template":"","meta":[],"product_brand":[],"product_cat":[2355],"product_tag":[],"class_list":{"0":"post-12788","1":"product","2":"type-product","3":"status-publish","4":"has-post-thumbnail","6":"product_cat-konserven","8":"first","9":"instock","10":"taxable","11":"shipping-taxable","12":"purchasable","13":"product-type-simple"},"_links":{"self":[{"href":"https:\/\/alepposhop.eu\/de\/wp-json\/wp\/v2\/product\/12788"}],"collection":[{"href":"https:\/\/alepposhop.eu\/de\/wp-json\/wp\/v2\/product"}],"about":[{"href":"https:\/\/alepposhop.eu\/de\/wp-json\/wp\/v2\/types\/product"}],"wp:featuredmedia":[{"embeddable":true,"href":"https:\/\/alepposhop.eu\/de\/wp-json\/wp\/v2\/media\/27317"}],"wp:attachment":[{"href":"https:\/\/alepposhop.eu\/de\/wp-json\/wp\/v2\/media?parent=12788"}],"wp:term":[{"taxonomy":"product_brand","embeddable":true,"href":"https:\/\/alepposhop.eu\/de\/wp-json\/wp\/v2\/product_brand?post=12788"},{"taxonomy":"product_cat","embeddable":true,"href":"https:\/\/alepposhop.eu\/de\/wp-json\/wp\/v2\/product_cat?post=12788"},{"taxonomy":"product_tag","embeddable":true,"href":"https:\/\/alepposhop.eu\/de\/wp-json\/wp\/v2\/product_tag?post=12788"}],"curies":[{"name":"wp","href":"https:\/\/api.w.org\/{rel}","templated":true}]}}