{"id":13567,"date":"2021-10-06T13:23:33","date_gmt":"2021-10-06T11:46:40","guid":{"rendered":"https:\/\/alepposhop.eu\/product\/schwarz-henna-cone\/"},"modified":"2021-10-06T13:46:52","modified_gmt":"2021-10-06T11:46:52","slug":"schwarz-henna-cone","status":"publish","type":"product","link":"https:\/\/alepposhop.eu\/de\/schwarz-henna-cone\/","title":{"rendered":"Schwarz Henna Cone."},"content":{"rendered":"<p style=\"text-align: center;\">Henna-Kegel f\u00fcr einen einfachen, glatten und pr\u00e4zisen Gravieren am K\u00f6rper<\/p>\n","protected":false},"excerpt":{"rendered":"<p>Henna Cone, f\u00fcr Henna-Muster<\/p>\n","protected":false},"featured_media":12858,"template":"","meta":[],"product_brand":[],"product_cat":[75],"product_tag":[],"class_list":{"0":"post-13567","1":"product","2":"type-product","3":"status-publish","4":"has-post-thumbnail","6":"product_cat-schonheit-und-gesundheit","8":"first","9":"outofstock","10":"taxable","11":"shipping-taxable","12":"purchasable","13":"product-type-simple"},"_links":{"self":[{"href":"https:\/\/alepposhop.eu\/de\/wp-json\/wp\/v2\/product\/13567"}],"collection":[{"href":"https:\/\/alepposhop.eu\/de\/wp-json\/wp\/v2\/product"}],"about":[{"href":"https:\/\/alepposhop.eu\/de\/wp-json\/wp\/v2\/types\/product"}],"wp:featuredmedia":[{"embeddable":true,"href":"https:\/\/alepposhop.eu\/de\/wp-json\/wp\/v2\/media\/12858"}],"wp:attachment":[{"href":"https:\/\/alepposhop.eu\/de\/wp-json\/wp\/v2\/media?parent=13567"}],"wp:term":[{"taxonomy":"product_brand","embeddable":true,"href":"https:\/\/alepposhop.eu\/de\/wp-json\/wp\/v2\/product_brand?post=13567"},{"taxonomy":"product_cat","embeddable":true,"href":"https:\/\/alepposhop.eu\/de\/wp-json\/wp\/v2\/product_cat?post=13567"},{"taxonomy":"product_tag","embeddable":true,"href":"https:\/\/alepposhop.eu\/de\/wp-json\/wp\/v2\/product_tag?post=13567"}],"curies":[{"name":"wp","href":"https:\/\/api.w.org\/{rel}","templated":true}]}}