{"id":13587,"date":"2021-10-06T13:23:33","date_gmt":"2021-10-06T11:46:40","guid":{"rendered":"https:\/\/alepposhop.eu\/product\/natural-seife-aleppo-armagan\/"},"modified":"2021-10-06T13:47:10","modified_gmt":"2021-10-06T11:47:10","slug":"natural-seife-aleppo-armagan","status":"publish","type":"product","link":"https:\/\/alepposhop.eu\/de\/natural-seife-aleppo-armagan\/","title":{"rendered":"Natural Seife (Aleppo Armagan)"},"content":{"rendered":"<p style=\"text-align: center;\">Armagan Aleppo, eine Box, enth\u00e4lt 6 Seifenst\u00e4be, bestehend aus 6 Arten von nat\u00fcrlichen \u00d6len, Seife mit Oliven\u00f6l und Lorbeer\u00f6l, Seife mit Oliven\u00f6l und schwarzem Samen\u00f6l, Seife mit (Oliven\u00f6l, Moschus und Bernstein), Seife mit (Oliven\u00f6l) , Jasmin und Rose), Seife mit Oliven\u00f6l und niederl\u00e4ndischen Tulpen, Oliven\u00f6lseife Kokosnuss\u00f6l<\/p>\n","protected":false},"excerpt":{"rendered":"<p>Seife, nat\u00fcrliche Seife, Aleppo Armagan<\/p>\n","protected":false},"featured_media":12878,"template":"","meta":[],"product_brand":[],"product_cat":[76],"product_tag":[],"class_list":{"0":"post-13587","1":"product","2":"type-product","3":"status-publish","4":"has-post-thumbnail","6":"product_cat-personliche-hygiene","8":"first","9":"instock","10":"taxable","11":"shipping-taxable","12":"purchasable","13":"product-type-simple"},"_links":{"self":[{"href":"https:\/\/alepposhop.eu\/de\/wp-json\/wp\/v2\/product\/13587"}],"collection":[{"href":"https:\/\/alepposhop.eu\/de\/wp-json\/wp\/v2\/product"}],"about":[{"href":"https:\/\/alepposhop.eu\/de\/wp-json\/wp\/v2\/types\/product"}],"wp:featuredmedia":[{"embeddable":true,"href":"https:\/\/alepposhop.eu\/de\/wp-json\/wp\/v2\/media\/12878"}],"wp:attachment":[{"href":"https:\/\/alepposhop.eu\/de\/wp-json\/wp\/v2\/media?parent=13587"}],"wp:term":[{"taxonomy":"product_brand","embeddable":true,"href":"https:\/\/alepposhop.eu\/de\/wp-json\/wp\/v2\/product_brand?post=13587"},{"taxonomy":"product_cat","embeddable":true,"href":"https:\/\/alepposhop.eu\/de\/wp-json\/wp\/v2\/product_cat?post=13587"},{"taxonomy":"product_tag","embeddable":true,"href":"https:\/\/alepposhop.eu\/de\/wp-json\/wp\/v2\/product_tag?post=13587"}],"curies":[{"name":"wp","href":"https:\/\/api.w.org\/{rel}","templated":true}]}}