{"id":13595,"date":"2021-10-06T13:23:33","date_gmt":"2021-10-06T11:46:40","guid":{"rendered":"https:\/\/alepposhop.eu\/product\/nageldatei-glas\/"},"modified":"2021-10-06T13:47:17","modified_gmt":"2021-10-06T11:47:17","slug":"nageldatei-glas","status":"publish","type":"product","link":"https:\/\/alepposhop.eu\/de\/nageldatei-glas\/","title":{"rendered":"Nageldatei (Glas)"},"content":{"rendered":"<p style=\"text-align: center;\">Glasnagelfeile f\u00fcr Manik\u00fcre und Pedik\u00fcre<\/p>\n","protected":false},"excerpt":{"rendered":"<p>Glasnagelatei.<\/p>\n","protected":false},"featured_media":12886,"template":"","meta":[],"product_brand":[],"product_cat":[76],"product_tag":[],"class_list":{"0":"post-13595","1":"product","2":"type-product","3":"status-publish","4":"has-post-thumbnail","6":"product_cat-personliche-hygiene","8":"first","9":"outofstock","10":"taxable","11":"shipping-taxable","12":"purchasable","13":"product-type-simple"},"_links":{"self":[{"href":"https:\/\/alepposhop.eu\/de\/wp-json\/wp\/v2\/product\/13595"}],"collection":[{"href":"https:\/\/alepposhop.eu\/de\/wp-json\/wp\/v2\/product"}],"about":[{"href":"https:\/\/alepposhop.eu\/de\/wp-json\/wp\/v2\/types\/product"}],"wp:featuredmedia":[{"embeddable":true,"href":"https:\/\/alepposhop.eu\/de\/wp-json\/wp\/v2\/media\/12886"}],"wp:attachment":[{"href":"https:\/\/alepposhop.eu\/de\/wp-json\/wp\/v2\/media?parent=13595"}],"wp:term":[{"taxonomy":"product_brand","embeddable":true,"href":"https:\/\/alepposhop.eu\/de\/wp-json\/wp\/v2\/product_brand?post=13595"},{"taxonomy":"product_cat","embeddable":true,"href":"https:\/\/alepposhop.eu\/de\/wp-json\/wp\/v2\/product_cat?post=13595"},{"taxonomy":"product_tag","embeddable":true,"href":"https:\/\/alepposhop.eu\/de\/wp-json\/wp\/v2\/product_tag?post=13595"}],"curies":[{"name":"wp","href":"https:\/\/api.w.org\/{rel}","templated":true}]}}