{"id":13603,"date":"2021-10-06T13:23:33","date_gmt":"2021-10-06T11:46:40","guid":{"rendered":"https:\/\/alepposhop.eu\/product\/billon-stein\/"},"modified":"2021-10-06T13:47:24","modified_gmt":"2021-10-06T11:47:24","slug":"billon-stein","status":"publish","type":"product","link":"https:\/\/alepposhop.eu\/de\/billon-stein\/","title":{"rendered":"Billon Stein"},"content":{"rendered":"<p style=\"text-align: center;\">Billon Stone (Aleppo-Boden) ist ber\u00fchmter Stein in Aleppo City, der f\u00fcr Haare verwendet wird, was eine \u00fcberlegene Gl\u00e4tte und viele gesundheitliche Vorteile f\u00fcr Haare bietet<\/p>\n","protected":false},"excerpt":{"rendered":"<p>Billon Stein (Aleppo-Boden)<\/p>\n","protected":false},"featured_media":12894,"template":"","meta":[],"product_brand":[],"product_cat":[76],"product_tag":[],"class_list":{"0":"post-13603","1":"product","2":"type-product","3":"status-publish","4":"has-post-thumbnail","6":"product_cat-personliche-hygiene","8":"first","9":"instock","10":"taxable","11":"shipping-taxable","12":"purchasable","13":"product-type-simple"},"_links":{"self":[{"href":"https:\/\/alepposhop.eu\/de\/wp-json\/wp\/v2\/product\/13603"}],"collection":[{"href":"https:\/\/alepposhop.eu\/de\/wp-json\/wp\/v2\/product"}],"about":[{"href":"https:\/\/alepposhop.eu\/de\/wp-json\/wp\/v2\/types\/product"}],"wp:featuredmedia":[{"embeddable":true,"href":"https:\/\/alepposhop.eu\/de\/wp-json\/wp\/v2\/media\/12894"}],"wp:attachment":[{"href":"https:\/\/alepposhop.eu\/de\/wp-json\/wp\/v2\/media?parent=13603"}],"wp:term":[{"taxonomy":"product_brand","embeddable":true,"href":"https:\/\/alepposhop.eu\/de\/wp-json\/wp\/v2\/product_brand?post=13603"},{"taxonomy":"product_cat","embeddable":true,"href":"https:\/\/alepposhop.eu\/de\/wp-json\/wp\/v2\/product_cat?post=13603"},{"taxonomy":"product_tag","embeddable":true,"href":"https:\/\/alepposhop.eu\/de\/wp-json\/wp\/v2\/product_tag?post=13603"}],"curies":[{"name":"wp","href":"https:\/\/api.w.org\/{rel}","templated":true}]}}