{"id":13611,"date":"2021-10-06T13:23:33","date_gmt":"2021-10-06T11:46:40","guid":{"rendered":"https:\/\/alepposhop.eu\/product\/rohe-pinienkerne\/"},"modified":"2025-02-01T22:47:45","modified_gmt":"2025-02-01T21:47:45","slug":"rohe-pinienkerne","status":"publish","type":"product","link":"https:\/\/alepposhop.eu\/de\/rohe-pinienkerne\/","title":{"rendered":"Rohe Pinienkerne (lang)"},"content":{"rendered":"<p style=\"text-align: center\">Gewicht: 100 g<\/p>\n<p style=\"text-align: center\">Rohe Pinienkerne sind k\u00f6stlich, n\u00e4hrstoffreich und haben viele gesundheitliche Vorteile. Sie werden vielen k\u00f6stlichen Gerichten zugesetzt, insbesondere als Garnitur f\u00fcr orientalische Gerichte.<\/p>\n","protected":false},"excerpt":{"rendered":"<p>Kiefer, rohe Kiefer, N\u00fcsse<\/p>\n","protected":false},"featured_media":12902,"template":"","meta":[],"product_brand":[],"product_cat":[71],"product_tag":[],"class_list":{"0":"post-13611","1":"product","2":"type-product","3":"status-publish","4":"has-post-thumbnail","6":"product_cat-nusse-und-samen","8":"first","9":"instock","10":"taxable","11":"shipping-taxable","12":"purchasable","13":"product-type-simple"},"_links":{"self":[{"href":"https:\/\/alepposhop.eu\/de\/wp-json\/wp\/v2\/product\/13611"}],"collection":[{"href":"https:\/\/alepposhop.eu\/de\/wp-json\/wp\/v2\/product"}],"about":[{"href":"https:\/\/alepposhop.eu\/de\/wp-json\/wp\/v2\/types\/product"}],"wp:featuredmedia":[{"embeddable":true,"href":"https:\/\/alepposhop.eu\/de\/wp-json\/wp\/v2\/media\/12902"}],"wp:attachment":[{"href":"https:\/\/alepposhop.eu\/de\/wp-json\/wp\/v2\/media?parent=13611"}],"wp:term":[{"taxonomy":"product_brand","embeddable":true,"href":"https:\/\/alepposhop.eu\/de\/wp-json\/wp\/v2\/product_brand?post=13611"},{"taxonomy":"product_cat","embeddable":true,"href":"https:\/\/alepposhop.eu\/de\/wp-json\/wp\/v2\/product_cat?post=13611"},{"taxonomy":"product_tag","embeddable":true,"href":"https:\/\/alepposhop.eu\/de\/wp-json\/wp\/v2\/product_tag?post=13611"}],"curies":[{"name":"wp","href":"https:\/\/api.w.org\/{rel}","templated":true}]}}