{"id":13659,"date":"2021-10-06T13:25:12","date_gmt":"2021-10-06T11:47:56","guid":{"rendered":"https:\/\/alepposhop.eu\/product\/schokoladen-ei-patrouille\/"},"modified":"2021-10-06T13:48:18","modified_gmt":"2021-10-06T11:48:18","slug":"schokoladen-ei-patrouille","status":"publish","type":"product","link":"https:\/\/alepposhop.eu\/de\/schokoladen-ei-patrouille\/","title":{"rendered":"Schokoladen-Ei-Patrouille"},"content":{"rendered":"<p style=\"text-align: center;\">Patrouille \u00dcberraschung Ei k\u00f6stliche Schokolade mit \u00dcberraschungen f\u00fcr Fans der wundervollen Patrouillenzeichen<\/p>\n","protected":false},"excerpt":{"rendered":"<p>Schokoladenei, Ei \u00dcberraschungen, \u00dcberraschung Ei, Schokoladeneier, Patrouillenei<\/p>\n","protected":false},"featured_media":12950,"template":"","meta":[],"product_brand":[],"product_cat":[73],"product_tag":[],"class_list":{"0":"post-13659","1":"product","2":"type-product","3":"status-publish","4":"has-post-thumbnail","6":"product_cat-bonbons-und-kekse","8":"first","9":"outofstock","10":"taxable","11":"shipping-taxable","12":"purchasable","13":"product-type-simple"},"_links":{"self":[{"href":"https:\/\/alepposhop.eu\/de\/wp-json\/wp\/v2\/product\/13659"}],"collection":[{"href":"https:\/\/alepposhop.eu\/de\/wp-json\/wp\/v2\/product"}],"about":[{"href":"https:\/\/alepposhop.eu\/de\/wp-json\/wp\/v2\/types\/product"}],"wp:featuredmedia":[{"embeddable":true,"href":"https:\/\/alepposhop.eu\/de\/wp-json\/wp\/v2\/media\/12950"}],"wp:attachment":[{"href":"https:\/\/alepposhop.eu\/de\/wp-json\/wp\/v2\/media?parent=13659"}],"wp:term":[{"taxonomy":"product_brand","embeddable":true,"href":"https:\/\/alepposhop.eu\/de\/wp-json\/wp\/v2\/product_brand?post=13659"},{"taxonomy":"product_cat","embeddable":true,"href":"https:\/\/alepposhop.eu\/de\/wp-json\/wp\/v2\/product_cat?post=13659"},{"taxonomy":"product_tag","embeddable":true,"href":"https:\/\/alepposhop.eu\/de\/wp-json\/wp\/v2\/product_tag?post=13659"}],"curies":[{"name":"wp","href":"https:\/\/api.w.org\/{rel}","templated":true}]}}