{"id":13663,"date":"2021-10-06T13:25:12","date_gmt":"2021-10-06T11:47:56","guid":{"rendered":"https:\/\/alepposhop.eu\/product\/grosses-spielzeugei\/"},"modified":"2021-10-06T13:48:21","modified_gmt":"2021-10-06T11:48:21","slug":"grosses-spielzeugei","status":"publish","type":"product","link":"https:\/\/alepposhop.eu\/de\/grosses-spielzeugei\/","title":{"rendered":"Gro\u00dfes Spielzeugei"},"content":{"rendered":"<p style=\"text-align: center;\">\u00dcberraschung Ei f\u00fcr Kinder, die als Geld Geldb\u00f6rse verwendet werden + ein Lehmfinger + 2 Tonformen + 2 Cartoon-Aufkleber + Popping Bonbons<\/p>\n","protected":false},"excerpt":{"rendered":"<p>Schokoladenei, Ei \u00dcberraschungen, \u00dcberraschung Ei, Schokoladeneier, gro\u00dfes Ei<\/p>\n","protected":false},"featured_media":12954,"template":"","meta":[],"product_brand":[],"product_cat":[73],"product_tag":[],"class_list":{"0":"post-13663","1":"product","2":"type-product","3":"status-publish","4":"has-post-thumbnail","6":"product_cat-bonbons-und-kekse","8":"first","9":"outofstock","10":"taxable","11":"shipping-taxable","12":"purchasable","13":"product-type-simple"},"_links":{"self":[{"href":"https:\/\/alepposhop.eu\/de\/wp-json\/wp\/v2\/product\/13663"}],"collection":[{"href":"https:\/\/alepposhop.eu\/de\/wp-json\/wp\/v2\/product"}],"about":[{"href":"https:\/\/alepposhop.eu\/de\/wp-json\/wp\/v2\/types\/product"}],"wp:featuredmedia":[{"embeddable":true,"href":"https:\/\/alepposhop.eu\/de\/wp-json\/wp\/v2\/media\/12954"}],"wp:attachment":[{"href":"https:\/\/alepposhop.eu\/de\/wp-json\/wp\/v2\/media?parent=13663"}],"wp:term":[{"taxonomy":"product_brand","embeddable":true,"href":"https:\/\/alepposhop.eu\/de\/wp-json\/wp\/v2\/product_brand?post=13663"},{"taxonomy":"product_cat","embeddable":true,"href":"https:\/\/alepposhop.eu\/de\/wp-json\/wp\/v2\/product_cat?post=13663"},{"taxonomy":"product_tag","embeddable":true,"href":"https:\/\/alepposhop.eu\/de\/wp-json\/wp\/v2\/product_tag?post=13663"}],"curies":[{"name":"wp","href":"https:\/\/api.w.org\/{rel}","templated":true}]}}