{"id":13667,"date":"2021-10-06T13:25:12","date_gmt":"2021-10-06T11:47:56","guid":{"rendered":"https:\/\/alepposhop.eu\/product\/conney-zucker-mit-watte\/"},"modified":"2023-02-02T16:19:55","modified_gmt":"2023-02-02T15:19:55","slug":"conney-zucker-mit-watte","status":"publish","type":"product","link":"https:\/\/alepposhop.eu\/de\/conney-zucker-mit-watte\/","title":{"rendered":"Conney-Zucker mit Watte"},"content":{"rendered":"<p style=\"text-align: center;\">Zucker, um eine Watte-S\u00fc\u00dfigkeit zu machen<\/p>\n","protected":false},"excerpt":{"rendered":"<p>Zucker, Zucker-S\u00fc\u00dfigkeiten, Baumwoll-S\u00fc\u00dfigkeiten<\/p>\n","protected":false},"featured_media":12958,"template":"","meta":[],"product_brand":[],"product_cat":[73],"product_tag":[],"class_list":{"0":"post-13667","1":"product","2":"type-product","3":"status-publish","4":"has-post-thumbnail","6":"product_cat-bonbons-und-kekse","8":"first","9":"outofstock","10":"taxable","11":"shipping-taxable","12":"purchasable","13":"product-type-simple"},"_links":{"self":[{"href":"https:\/\/alepposhop.eu\/de\/wp-json\/wp\/v2\/product\/13667"}],"collection":[{"href":"https:\/\/alepposhop.eu\/de\/wp-json\/wp\/v2\/product"}],"about":[{"href":"https:\/\/alepposhop.eu\/de\/wp-json\/wp\/v2\/types\/product"}],"wp:featuredmedia":[{"embeddable":true,"href":"https:\/\/alepposhop.eu\/de\/wp-json\/wp\/v2\/media\/12958"}],"wp:attachment":[{"href":"https:\/\/alepposhop.eu\/de\/wp-json\/wp\/v2\/media?parent=13667"}],"wp:term":[{"taxonomy":"product_brand","embeddable":true,"href":"https:\/\/alepposhop.eu\/de\/wp-json\/wp\/v2\/product_brand?post=13667"},{"taxonomy":"product_cat","embeddable":true,"href":"https:\/\/alepposhop.eu\/de\/wp-json\/wp\/v2\/product_cat?post=13667"},{"taxonomy":"product_tag","embeddable":true,"href":"https:\/\/alepposhop.eu\/de\/wp-json\/wp\/v2\/product_tag?post=13667"}],"curies":[{"name":"wp","href":"https:\/\/api.w.org\/{rel}","templated":true}]}}