{"id":13671,"date":"2021-10-06T13:25:12","date_gmt":"2021-10-06T11:47:56","guid":{"rendered":"https:\/\/alepposhop.eu\/product\/gummy-candy-cola-flavour\/"},"modified":"2021-11-11T23:00:15","modified_gmt":"2021-11-11T22:00:15","slug":"gummy-candy-cola-flavour","status":"publish","type":"product","link":"https:\/\/alepposhop.eu\/de\/gummy-candy-cola-flavour\/","title":{"rendered":"Gummy Candy Cola Flavour"},"content":{"rendered":"<p style=\"text-align: center;\">Gummi-S\u00fc\u00dfigkeit ist Favorit f\u00fcr alle, wunderbarer Cola-Geschmack, Halal<\/p>\n","protected":false},"excerpt":{"rendered":"<p>Gelee, Cola, gummiartige S\u00fc\u00dfigkeiten<\/p>\n","protected":false},"featured_media":12962,"template":"","meta":[],"product_brand":[],"product_cat":[73],"product_tag":[],"class_list":{"0":"post-13671","1":"product","2":"type-product","3":"status-publish","4":"has-post-thumbnail","6":"product_cat-bonbons-und-kekse","8":"first","9":"outofstock","10":"taxable","11":"shipping-taxable","12":"purchasable","13":"product-type-simple"},"_links":{"self":[{"href":"https:\/\/alepposhop.eu\/de\/wp-json\/wp\/v2\/product\/13671"}],"collection":[{"href":"https:\/\/alepposhop.eu\/de\/wp-json\/wp\/v2\/product"}],"about":[{"href":"https:\/\/alepposhop.eu\/de\/wp-json\/wp\/v2\/types\/product"}],"wp:featuredmedia":[{"embeddable":true,"href":"https:\/\/alepposhop.eu\/de\/wp-json\/wp\/v2\/media\/12962"}],"wp:attachment":[{"href":"https:\/\/alepposhop.eu\/de\/wp-json\/wp\/v2\/media?parent=13671"}],"wp:term":[{"taxonomy":"product_brand","embeddable":true,"href":"https:\/\/alepposhop.eu\/de\/wp-json\/wp\/v2\/product_brand?post=13671"},{"taxonomy":"product_cat","embeddable":true,"href":"https:\/\/alepposhop.eu\/de\/wp-json\/wp\/v2\/product_cat?post=13671"},{"taxonomy":"product_tag","embeddable":true,"href":"https:\/\/alepposhop.eu\/de\/wp-json\/wp\/v2\/product_tag?post=13671"}],"curies":[{"name":"wp","href":"https:\/\/api.w.org\/{rel}","templated":true}]}}