{"id":13691,"date":"2021-10-06T13:25:12","date_gmt":"2021-10-06T11:47:56","guid":{"rendered":"https:\/\/alepposhop.eu\/product\/marshmallo-taschen\/"},"modified":"2021-10-06T13:48:44","modified_gmt":"2021-10-06T11:48:44","slug":"marshmallo-taschen","status":"publish","type":"product","link":"https:\/\/alepposhop.eu\/de\/marshmallo-taschen\/","title":{"rendered":"Marshmallo-Taschen"},"content":{"rendered":"<p style=\"text-align: center;\">Es ist die ber\u00fchmteste Art von S\u00fc\u00dfigkeiten der Welt<br \/>\n Sein k\u00f6stlicher Geschmack wird von Erwachsenen und Kindern ausnahmslos geliebt.<\/p>\n","protected":false},"excerpt":{"rendered":"<p>Marshmalo, S\u00fc\u00dfigkeiten, Marshmllo-Finger<\/p>\n","protected":false},"featured_media":12982,"template":"","meta":[],"product_brand":[],"product_cat":[73],"product_tag":[],"class_list":{"0":"post-13691","1":"product","2":"type-product","3":"status-publish","4":"has-post-thumbnail","6":"product_cat-bonbons-und-kekse","8":"first","9":"outofstock","10":"taxable","11":"shipping-taxable","12":"purchasable","13":"product-type-simple"},"_links":{"self":[{"href":"https:\/\/alepposhop.eu\/de\/wp-json\/wp\/v2\/product\/13691"}],"collection":[{"href":"https:\/\/alepposhop.eu\/de\/wp-json\/wp\/v2\/product"}],"about":[{"href":"https:\/\/alepposhop.eu\/de\/wp-json\/wp\/v2\/types\/product"}],"wp:featuredmedia":[{"embeddable":true,"href":"https:\/\/alepposhop.eu\/de\/wp-json\/wp\/v2\/media\/12982"}],"wp:attachment":[{"href":"https:\/\/alepposhop.eu\/de\/wp-json\/wp\/v2\/media?parent=13691"}],"wp:term":[{"taxonomy":"product_brand","embeddable":true,"href":"https:\/\/alepposhop.eu\/de\/wp-json\/wp\/v2\/product_brand?post=13691"},{"taxonomy":"product_cat","embeddable":true,"href":"https:\/\/alepposhop.eu\/de\/wp-json\/wp\/v2\/product_cat?post=13691"},{"taxonomy":"product_tag","embeddable":true,"href":"https:\/\/alepposhop.eu\/de\/wp-json\/wp\/v2\/product_tag?post=13691"}],"curies":[{"name":"wp","href":"https:\/\/api.w.org\/{rel}","templated":true}]}}