{"id":13699,"date":"2021-10-06T13:25:12","date_gmt":"2021-10-06T11:47:56","guid":{"rendered":"https:\/\/alepposhop.eu\/product\/reem-gelly-erdbeere\/"},"modified":"2021-10-06T13:48:50","modified_gmt":"2021-10-06T11:48:50","slug":"reem-gelly-erdbeere","status":"publish","type":"product","link":"https:\/\/alepposhop.eu\/de\/reem-gelly-erdbeere\/","title":{"rendered":"REEM GELLY-Erdbeere"},"content":{"rendered":"<p style=\"text-align: center;\">Gelee mit Erdbeergeschmack ist ein k\u00f6stliches und Lieblingss\u00fc\u00dfes f\u00fcr Kinder und Erwachsene<\/p>\n","protected":false},"excerpt":{"rendered":"<p>Gelee, Erdbeere, S\u00fc\u00dfigkeiten<\/p>\n","protected":false},"featured_media":12990,"template":"","meta":[],"product_brand":[],"product_cat":[2355],"product_tag":[],"class_list":{"0":"post-13699","1":"product","2":"type-product","3":"status-publish","4":"has-post-thumbnail","6":"product_cat-konserven","8":"first","9":"outofstock","10":"taxable","11":"shipping-taxable","12":"purchasable","13":"product-type-simple"},"_links":{"self":[{"href":"https:\/\/alepposhop.eu\/de\/wp-json\/wp\/v2\/product\/13699"}],"collection":[{"href":"https:\/\/alepposhop.eu\/de\/wp-json\/wp\/v2\/product"}],"about":[{"href":"https:\/\/alepposhop.eu\/de\/wp-json\/wp\/v2\/types\/product"}],"wp:featuredmedia":[{"embeddable":true,"href":"https:\/\/alepposhop.eu\/de\/wp-json\/wp\/v2\/media\/12990"}],"wp:attachment":[{"href":"https:\/\/alepposhop.eu\/de\/wp-json\/wp\/v2\/media?parent=13699"}],"wp:term":[{"taxonomy":"product_brand","embeddable":true,"href":"https:\/\/alepposhop.eu\/de\/wp-json\/wp\/v2\/product_brand?post=13699"},{"taxonomy":"product_cat","embeddable":true,"href":"https:\/\/alepposhop.eu\/de\/wp-json\/wp\/v2\/product_cat?post=13699"},{"taxonomy":"product_tag","embeddable":true,"href":"https:\/\/alepposhop.eu\/de\/wp-json\/wp\/v2\/product_tag?post=13699"}],"curies":[{"name":"wp","href":"https:\/\/api.w.org\/{rel}","templated":true}]}}