{"id":13747,"date":"2021-10-06T13:26:45","date_gmt":"2021-10-06T11:49:08","guid":{"rendered":"https:\/\/alepposhop.eu\/product\/olive-mucklas\/"},"modified":"2025-01-08T02:58:40","modified_gmt":"2025-01-08T01:58:40","slug":"olive-mucklas","status":"publish","type":"product","link":"https:\/\/alepposhop.eu\/de\/olive-mucklas\/","title":{"rendered":"Gr\u00fcne Oliven ( Mukalas )"},"content":{"rendered":"<p style=\"text-align: center\">\u00a0Gewicht : 500 gr<\/p>\n<p style=\"text-align: center\">Kalzinierte Oliven geh\u00f6ren zu den besten und leckersten Fr\u00fchst\u00fccksgerichten<\/p>\n<p style=\"text-align: center\">Es kann in Dosen mit Wasser und Salz aufbewahrt, bis zum Kochen stehen gelassen und in Schalen am Tisch serviert werden.<\/p>\n<p style=\"text-align: center\">Die Olivenfrucht ist nahrhaft und reich an essentiellen Mineralien wie Kalzium, Natrium, Kalium und Magnesium<\/p>\n<p style=\"text-align: center\">Hausgemacht<\/p>\n","protected":false},"excerpt":{"rendered":"<p>Mucklas, Olive.<\/p>\n","protected":false},"featured_media":13038,"template":"","meta":[],"product_brand":[],"product_cat":[67],"product_tag":[5480],"class_list":{"0":"post-13747","1":"product","2":"type-product","3":"status-publish","4":"has-post-thumbnail","6":"product_cat-fruhstuck","7":"product_tag--de","9":"first","10":"instock","11":"taxable","12":"shipping-taxable","13":"purchasable","14":"product-type-simple"},"_links":{"self":[{"href":"https:\/\/alepposhop.eu\/de\/wp-json\/wp\/v2\/product\/13747"}],"collection":[{"href":"https:\/\/alepposhop.eu\/de\/wp-json\/wp\/v2\/product"}],"about":[{"href":"https:\/\/alepposhop.eu\/de\/wp-json\/wp\/v2\/types\/product"}],"wp:featuredmedia":[{"embeddable":true,"href":"https:\/\/alepposhop.eu\/de\/wp-json\/wp\/v2\/media\/13038"}],"wp:attachment":[{"href":"https:\/\/alepposhop.eu\/de\/wp-json\/wp\/v2\/media?parent=13747"}],"wp:term":[{"taxonomy":"product_brand","embeddable":true,"href":"https:\/\/alepposhop.eu\/de\/wp-json\/wp\/v2\/product_brand?post=13747"},{"taxonomy":"product_cat","embeddable":true,"href":"https:\/\/alepposhop.eu\/de\/wp-json\/wp\/v2\/product_cat?post=13747"},{"taxonomy":"product_tag","embeddable":true,"href":"https:\/\/alepposhop.eu\/de\/wp-json\/wp\/v2\/product_tag?post=13747"}],"curies":[{"name":"wp","href":"https:\/\/api.w.org\/{rel}","templated":true}]}}