{"id":13751,"date":"2021-10-06T13:26:45","date_gmt":"2021-10-06T11:49:08","guid":{"rendered":"https:\/\/alepposhop.eu\/product\/labneh-baelle\/"},"modified":"2024-11-25T12:42:01","modified_gmt":"2024-11-25T11:42:01","slug":"labneh-baelle","status":"publish","type":"product","link":"https:\/\/alepposhop.eu\/de\/labneh-baelle\/","title":{"rendered":"Labneh B\u00e4lle"},"content":{"rendered":"<p style=\"text-align: center\">Gewicht: 500 g<\/p>\n<p style=\"text-align: center\">K\u00f6stliches gerolltes Labneh, in Oliven\u00f6l getaucht und k\u00f6stlich zum Fr\u00fchst\u00fcck<\/p>\n","protected":false},"excerpt":{"rendered":"<p>Lokale Labneh, Labneh-B\u00e4lle<\/p>\n","protected":false},"featured_media":13042,"template":"","meta":[],"product_brand":[],"product_cat":[67],"product_tag":[],"class_list":{"0":"post-13751","1":"product","2":"type-product","3":"status-publish","4":"has-post-thumbnail","6":"product_cat-fruhstuck","8":"first","9":"instock","10":"taxable","11":"shipping-taxable","12":"purchasable","13":"product-type-simple"},"_links":{"self":[{"href":"https:\/\/alepposhop.eu\/de\/wp-json\/wp\/v2\/product\/13751"}],"collection":[{"href":"https:\/\/alepposhop.eu\/de\/wp-json\/wp\/v2\/product"}],"about":[{"href":"https:\/\/alepposhop.eu\/de\/wp-json\/wp\/v2\/types\/product"}],"wp:featuredmedia":[{"embeddable":true,"href":"https:\/\/alepposhop.eu\/de\/wp-json\/wp\/v2\/media\/13042"}],"wp:attachment":[{"href":"https:\/\/alepposhop.eu\/de\/wp-json\/wp\/v2\/media?parent=13751"}],"wp:term":[{"taxonomy":"product_brand","embeddable":true,"href":"https:\/\/alepposhop.eu\/de\/wp-json\/wp\/v2\/product_brand?post=13751"},{"taxonomy":"product_cat","embeddable":true,"href":"https:\/\/alepposhop.eu\/de\/wp-json\/wp\/v2\/product_cat?post=13751"},{"taxonomy":"product_tag","embeddable":true,"href":"https:\/\/alepposhop.eu\/de\/wp-json\/wp\/v2\/product_tag?post=13751"}],"curies":[{"name":"wp","href":"https:\/\/api.w.org\/{rel}","templated":true}]}}