{"id":13755,"date":"2021-10-06T13:26:45","date_gmt":"2021-10-06T11:49:08","guid":{"rendered":"https:\/\/alepposhop.eu\/product\/labneh\/"},"modified":"2024-11-25T12:42:04","modified_gmt":"2024-11-25T11:42:04","slug":"labneh","status":"publish","type":"product","link":"https:\/\/alepposhop.eu\/de\/labneh\/","title":{"rendered":"Sauer Labneh"},"content":{"rendered":"<p style=\"text-align: center\">Gewicht: 500 g<\/p>\n<p style=\"text-align: center\">K\u00f6stliches und k\u00f6stliches lokales Labneh zum Fr\u00fchst\u00fcck, zusammen mit einer Tasse Tee<\/p>\n","protected":false},"excerpt":{"rendered":"<p>Labneh.<\/p>\n","protected":false},"featured_media":13046,"template":"","meta":[],"product_brand":[],"product_cat":[67],"product_tag":[5496],"class_list":{"0":"post-13755","1":"product","2":"type-product","3":"status-publish","4":"has-post-thumbnail","6":"product_cat-fruhstuck","7":"product_tag--de","9":"first","10":"instock","11":"taxable","12":"shipping-taxable","13":"purchasable","14":"product-type-simple"},"_links":{"self":[{"href":"https:\/\/alepposhop.eu\/de\/wp-json\/wp\/v2\/product\/13755"}],"collection":[{"href":"https:\/\/alepposhop.eu\/de\/wp-json\/wp\/v2\/product"}],"about":[{"href":"https:\/\/alepposhop.eu\/de\/wp-json\/wp\/v2\/types\/product"}],"wp:featuredmedia":[{"embeddable":true,"href":"https:\/\/alepposhop.eu\/de\/wp-json\/wp\/v2\/media\/13046"}],"wp:attachment":[{"href":"https:\/\/alepposhop.eu\/de\/wp-json\/wp\/v2\/media?parent=13755"}],"wp:term":[{"taxonomy":"product_brand","embeddable":true,"href":"https:\/\/alepposhop.eu\/de\/wp-json\/wp\/v2\/product_brand?post=13755"},{"taxonomy":"product_cat","embeddable":true,"href":"https:\/\/alepposhop.eu\/de\/wp-json\/wp\/v2\/product_cat?post=13755"},{"taxonomy":"product_tag","embeddable":true,"href":"https:\/\/alepposhop.eu\/de\/wp-json\/wp\/v2\/product_tag?post=13755"}],"curies":[{"name":"wp","href":"https:\/\/api.w.org\/{rel}","templated":true}]}}