{"id":13759,"date":"2021-10-06T13:26:45","date_gmt":"2021-10-06T11:49:08","guid":{"rendered":"https:\/\/alepposhop.eu\/product\/arabischer-kaffeekupfertopf-dallah-grosse-groesse\/"},"modified":"2021-10-06T13:49:48","modified_gmt":"2021-10-06T11:49:48","slug":"arabischer-kaffeekupfertopf-dallah-grosse-groesse","status":"publish","type":"product","link":"https:\/\/alepposhop.eu\/de\/arabischer-kaffeekupfertopf-dallah-grosse-groesse\/","title":{"rendered":"Arabischer Kaffeekupfertopf (Dallah), gro\u00dfe Gr\u00f6\u00dfe"},"content":{"rendered":"<p style=\"text-align: center;\">Arabischer Kaffeekupfertopf, gro\u00dfe Gr\u00f6\u00dfe, mit hoher Qualit\u00e4t und Fertigkeit<\/p>\n","protected":false},"excerpt":{"rendered":"<p>Pot-Kupfer, Dallah<\/p>\n","protected":false},"featured_media":13050,"template":"","meta":[],"product_brand":[],"product_cat":[77],"product_tag":[],"class_list":{"0":"post-13759","1":"product","2":"type-product","3":"status-publish","4":"has-post-thumbnail","6":"product_cat-kuchenwerkzeuge-und-zubehor","8":"first","9":"instock","10":"taxable","11":"shipping-taxable","12":"purchasable","13":"product-type-simple"},"_links":{"self":[{"href":"https:\/\/alepposhop.eu\/de\/wp-json\/wp\/v2\/product\/13759"}],"collection":[{"href":"https:\/\/alepposhop.eu\/de\/wp-json\/wp\/v2\/product"}],"about":[{"href":"https:\/\/alepposhop.eu\/de\/wp-json\/wp\/v2\/types\/product"}],"wp:featuredmedia":[{"embeddable":true,"href":"https:\/\/alepposhop.eu\/de\/wp-json\/wp\/v2\/media\/13050"}],"wp:attachment":[{"href":"https:\/\/alepposhop.eu\/de\/wp-json\/wp\/v2\/media?parent=13759"}],"wp:term":[{"taxonomy":"product_brand","embeddable":true,"href":"https:\/\/alepposhop.eu\/de\/wp-json\/wp\/v2\/product_brand?post=13759"},{"taxonomy":"product_cat","embeddable":true,"href":"https:\/\/alepposhop.eu\/de\/wp-json\/wp\/v2\/product_cat?post=13759"},{"taxonomy":"product_tag","embeddable":true,"href":"https:\/\/alepposhop.eu\/de\/wp-json\/wp\/v2\/product_tag?post=13759"}],"curies":[{"name":"wp","href":"https:\/\/api.w.org\/{rel}","templated":true}]}}