{"id":13799,"date":"2021-10-06T13:28:27","date_gmt":"2021-10-06T11:50:31","guid":{"rendered":"https:\/\/alepposhop.eu\/product\/hana-huhn-mortadella-380-g\/"},"modified":"2023-11-11T01:39:15","modified_gmt":"2023-11-11T00:39:15","slug":"hana-huhn-mortadella-340-g","status":"publish","type":"product","link":"https:\/\/alepposhop.eu\/de\/hana-huhn-mortadella-340-g\/","title":{"rendered":"Hana Huhn Mortadella 340 g"},"content":{"rendered":"<p style=\"text-align: center\">H\u00fchnchen Mortadella mit einem k\u00f6stlichen und wundervollen Geschmack, einem Snack zum Fr\u00fchst\u00fcck und Abendessen<\/p>\n","protected":false},"excerpt":{"rendered":"<p>Rindfleisch Mortadella, Mittagessen, H\u00fchnchen Mortadella<\/p>\n","protected":false},"featured_media":13090,"template":"","meta":[],"product_brand":[],"product_cat":[2355],"product_tag":[],"class_list":{"0":"post-13799","1":"product","2":"type-product","3":"status-publish","4":"has-post-thumbnail","6":"product_cat-konserven","8":"first","9":"instock","10":"taxable","11":"shipping-taxable","12":"purchasable","13":"product-type-simple"},"_links":{"self":[{"href":"https:\/\/alepposhop.eu\/de\/wp-json\/wp\/v2\/product\/13799"}],"collection":[{"href":"https:\/\/alepposhop.eu\/de\/wp-json\/wp\/v2\/product"}],"about":[{"href":"https:\/\/alepposhop.eu\/de\/wp-json\/wp\/v2\/types\/product"}],"wp:featuredmedia":[{"embeddable":true,"href":"https:\/\/alepposhop.eu\/de\/wp-json\/wp\/v2\/media\/13090"}],"wp:attachment":[{"href":"https:\/\/alepposhop.eu\/de\/wp-json\/wp\/v2\/media?parent=13799"}],"wp:term":[{"taxonomy":"product_brand","embeddable":true,"href":"https:\/\/alepposhop.eu\/de\/wp-json\/wp\/v2\/product_brand?post=13799"},{"taxonomy":"product_cat","embeddable":true,"href":"https:\/\/alepposhop.eu\/de\/wp-json\/wp\/v2\/product_cat?post=13799"},{"taxonomy":"product_tag","embeddable":true,"href":"https:\/\/alepposhop.eu\/de\/wp-json\/wp\/v2\/product_tag?post=13799"}],"curies":[{"name":"wp","href":"https:\/\/api.w.org\/{rel}","templated":true}]}}