{"id":13811,"date":"2021-10-06T13:28:27","date_gmt":"2021-10-06T11:50:31","guid":{"rendered":"https:\/\/alepposhop.eu\/product\/hana-rinder-mortadella-von-830-g-aubergine-tauchen-200-g-frei\/"},"modified":"2021-11-11T23:00:15","modified_gmt":"2021-11-11T22:00:15","slug":"hana-rinder-mortadella-von-830-g-aubergine-tauchen-200-g-frei","status":"publish","type":"product","link":"https:\/\/alepposhop.eu\/de\/hana-rinder-mortadella-von-830-g-aubergine-tauchen-200-g-frei\/","title":{"rendered":"Hana Rinder Mortadella von 830 g + Aubergine Tauchen 200 g frei"},"content":{"rendered":"<p style=\"text-align: center;\">Beef Mortadella mit einem k\u00f6stlichen und wundervollen Geschmack, einem Snack zum Fr\u00fchst\u00fcck und Abendessen, mit einer Dose Aubergine-Dip kostenlos<\/p>\n","protected":false},"excerpt":{"rendered":"<p>Rindfleisch Mortadella, Mittagessen, H\u00fchnchen Mortadella<\/p>\n","protected":false},"featured_media":13102,"template":"","meta":[],"product_brand":[],"product_cat":[2355],"product_tag":[],"class_list":{"0":"post-13811","1":"product","2":"type-product","3":"status-publish","4":"has-post-thumbnail","6":"product_cat-konserven","8":"first","9":"outofstock","10":"taxable","11":"shipping-taxable","12":"purchasable","13":"product-type-simple"},"_links":{"self":[{"href":"https:\/\/alepposhop.eu\/de\/wp-json\/wp\/v2\/product\/13811"}],"collection":[{"href":"https:\/\/alepposhop.eu\/de\/wp-json\/wp\/v2\/product"}],"about":[{"href":"https:\/\/alepposhop.eu\/de\/wp-json\/wp\/v2\/types\/product"}],"wp:featuredmedia":[{"embeddable":true,"href":"https:\/\/alepposhop.eu\/de\/wp-json\/wp\/v2\/media\/13102"}],"wp:attachment":[{"href":"https:\/\/alepposhop.eu\/de\/wp-json\/wp\/v2\/media?parent=13811"}],"wp:term":[{"taxonomy":"product_brand","embeddable":true,"href":"https:\/\/alepposhop.eu\/de\/wp-json\/wp\/v2\/product_brand?post=13811"},{"taxonomy":"product_cat","embeddable":true,"href":"https:\/\/alepposhop.eu\/de\/wp-json\/wp\/v2\/product_cat?post=13811"},{"taxonomy":"product_tag","embeddable":true,"href":"https:\/\/alepposhop.eu\/de\/wp-json\/wp\/v2\/product_tag?post=13811"}],"curies":[{"name":"wp","href":"https:\/\/api.w.org\/{rel}","templated":true}]}}