{"id":13831,"date":"2021-10-06T13:28:27","date_gmt":"2021-10-06T11:50:31","guid":{"rendered":"https:\/\/alepposhop.eu\/product\/lupine\/"},"modified":"2021-10-06T13:51:02","modified_gmt":"2021-10-06T11:51:02","slug":"lupine","status":"publish","type":"product","link":"https:\/\/alepposhop.eu\/de\/lupine\/","title":{"rendered":"Lupine"},"content":{"rendered":"<p style=\"text-align: center;\">Lupine enth\u00e4lt N\u00e4hrstoffe und gesundheitliche Vorteile f\u00fcr den K\u00f6rper. Es wird nach Einweichen und Kochen gegessen, dann SUMAC, Salz und K\u00fcmmel hinzugef\u00fcgt.<\/p>\n","protected":false},"excerpt":{"rendered":"<p>Lupin, Bohnen<\/p>\n","protected":false},"featured_media":13122,"template":"","meta":[],"product_brand":[],"product_cat":[4757],"product_tag":[],"class_list":{"0":"post-13831","1":"product","2":"type-product","3":"status-publish","4":"has-post-thumbnail","6":"product_cat-getreide","8":"first","9":"instock","10":"taxable","11":"shipping-taxable","12":"purchasable","13":"product-type-simple"},"_links":{"self":[{"href":"https:\/\/alepposhop.eu\/de\/wp-json\/wp\/v2\/product\/13831"}],"collection":[{"href":"https:\/\/alepposhop.eu\/de\/wp-json\/wp\/v2\/product"}],"about":[{"href":"https:\/\/alepposhop.eu\/de\/wp-json\/wp\/v2\/types\/product"}],"wp:featuredmedia":[{"embeddable":true,"href":"https:\/\/alepposhop.eu\/de\/wp-json\/wp\/v2\/media\/13122"}],"wp:attachment":[{"href":"https:\/\/alepposhop.eu\/de\/wp-json\/wp\/v2\/media?parent=13831"}],"wp:term":[{"taxonomy":"product_brand","embeddable":true,"href":"https:\/\/alepposhop.eu\/de\/wp-json\/wp\/v2\/product_brand?post=13831"},{"taxonomy":"product_cat","embeddable":true,"href":"https:\/\/alepposhop.eu\/de\/wp-json\/wp\/v2\/product_cat?post=13831"},{"taxonomy":"product_tag","embeddable":true,"href":"https:\/\/alepposhop.eu\/de\/wp-json\/wp\/v2\/product_tag?post=13831"}],"curies":[{"name":"wp","href":"https:\/\/api.w.org\/{rel}","templated":true}]}}