{"id":13851,"date":"2021-10-06T13:28:27","date_gmt":"2021-10-06T11:50:31","guid":{"rendered":"https:\/\/alepposhop.eu\/product\/trockene-malve\/"},"modified":"2024-09-08T23:03:41","modified_gmt":"2024-09-08T21:03:41","slug":"trockene-malve","status":"publish","type":"product","link":"https:\/\/alepposhop.eu\/de\/trockene-malve\/","title":{"rendered":"Getrocknete Malve (Molokhiya)"},"content":{"rendered":"<p style=\"text-align: center\">250 gr<\/p>\n<p style=\"text-align: center\">Getrocknete Malve Bl\u00e4tter f\u00fcr ein k\u00f6stliches Gericht<\/p>\n<p style=\"text-align: center\">Molokhiya ist ein jahrtausendealtes, beliebtes arabisches Gericht. Es ist eines der ber\u00fchmtesten Gerichte auf arabischen Tischen.<\/p>\n","protected":false},"excerpt":{"rendered":"<p>Molukhia-Papier, getrockneter Malve<\/p>\n","protected":false},"featured_media":13142,"template":"","meta":[],"product_brand":[],"product_cat":[68],"product_tag":[],"class_list":{"0":"post-13851","1":"product","2":"type-product","3":"status-publish","4":"has-post-thumbnail","6":"product_cat-lebensmittelversorgung","8":"first","9":"instock","10":"sold-individually","11":"taxable","12":"shipping-taxable","13":"purchasable","14":"product-type-simple"},"_links":{"self":[{"href":"https:\/\/alepposhop.eu\/de\/wp-json\/wp\/v2\/product\/13851"}],"collection":[{"href":"https:\/\/alepposhop.eu\/de\/wp-json\/wp\/v2\/product"}],"about":[{"href":"https:\/\/alepposhop.eu\/de\/wp-json\/wp\/v2\/types\/product"}],"wp:featuredmedia":[{"embeddable":true,"href":"https:\/\/alepposhop.eu\/de\/wp-json\/wp\/v2\/media\/13142"}],"wp:attachment":[{"href":"https:\/\/alepposhop.eu\/de\/wp-json\/wp\/v2\/media?parent=13851"}],"wp:term":[{"taxonomy":"product_brand","embeddable":true,"href":"https:\/\/alepposhop.eu\/de\/wp-json\/wp\/v2\/product_brand?post=13851"},{"taxonomy":"product_cat","embeddable":true,"href":"https:\/\/alepposhop.eu\/de\/wp-json\/wp\/v2\/product_cat?post=13851"},{"taxonomy":"product_tag","embeddable":true,"href":"https:\/\/alepposhop.eu\/de\/wp-json\/wp\/v2\/product_tag?post=13851"}],"curies":[{"name":"wp","href":"https:\/\/api.w.org\/{rel}","templated":true}]}}