{"id":13867,"date":"2021-10-06T13:28:27","date_gmt":"2021-10-06T11:50:31","guid":{"rendered":"https:\/\/alepposhop.eu\/product\/getrocknete-okra-kleiner-okra\/"},"modified":"2024-05-15T12:14:45","modified_gmt":"2024-05-15T10:14:45","slug":"getrocknete-okra-kleiner-okra","status":"publish","type":"product","link":"https:\/\/alepposhop.eu\/de\/getrocknete-okra-kleiner-okra\/","title":{"rendered":"Getrocknete Okra (kleiner Okra)"},"content":{"rendered":"<p style=\"text-align: center\">200 gr<\/p>\n<p style=\"text-align: center\">Getrocknete Okraschoten mit kleine St\u00fcck eignen sich ideal f\u00fcr die Zubereitung k\u00f6stlicher Okra-Gerichte<\/p>\n","protected":false},"excerpt":{"rendered":"<p>Getrocknet, okra.<\/p>\n","protected":false},"featured_media":13158,"template":"","meta":[],"product_brand":[],"product_cat":[68],"product_tag":[],"class_list":{"0":"post-13867","1":"product","2":"type-product","3":"status-publish","4":"has-post-thumbnail","6":"product_cat-lebensmittelversorgung","8":"first","9":"instock","10":"taxable","11":"shipping-taxable","12":"purchasable","13":"product-type-simple"},"_links":{"self":[{"href":"https:\/\/alepposhop.eu\/de\/wp-json\/wp\/v2\/product\/13867"}],"collection":[{"href":"https:\/\/alepposhop.eu\/de\/wp-json\/wp\/v2\/product"}],"about":[{"href":"https:\/\/alepposhop.eu\/de\/wp-json\/wp\/v2\/types\/product"}],"wp:featuredmedia":[{"embeddable":true,"href":"https:\/\/alepposhop.eu\/de\/wp-json\/wp\/v2\/media\/13158"}],"wp:attachment":[{"href":"https:\/\/alepposhop.eu\/de\/wp-json\/wp\/v2\/media?parent=13867"}],"wp:term":[{"taxonomy":"product_brand","embeddable":true,"href":"https:\/\/alepposhop.eu\/de\/wp-json\/wp\/v2\/product_brand?post=13867"},{"taxonomy":"product_cat","embeddable":true,"href":"https:\/\/alepposhop.eu\/de\/wp-json\/wp\/v2\/product_cat?post=13867"},{"taxonomy":"product_tag","embeddable":true,"href":"https:\/\/alepposhop.eu\/de\/wp-json\/wp\/v2\/product_tag?post=13867"}],"curies":[{"name":"wp","href":"https:\/\/api.w.org\/{rel}","templated":true}]}}