{"id":13875,"date":"2021-10-06T13:29:54","date_gmt":"2021-10-06T11:51:53","guid":{"rendered":"https:\/\/alepposhop.eu\/product\/kirschwasser-fleisch-mit-kirschwasserteller\/"},"modified":"2024-09-17T08:16:35","modified_gmt":"2024-09-17T06:16:35","slug":"kirschwasser-fleisch-mit-kirschwasserteller","status":"publish","type":"product","link":"https:\/\/alepposhop.eu\/de\/kirschwasser-fleisch-mit-kirschwasserteller\/","title":{"rendered":"Sauerkirchso\u00dfe (Fleisch B\u00e4llchen mit Sauerkirschso\u00dfe Gericht )"},"content":{"rendered":"<p style=\"text-align: center\">1000 ml<\/p>\n<p style=\"text-align: center\">Sauerkirschsaft ist die Hauptzutat f\u00fcr die Zubereitung eines Fleischgerichts mit Sauerkirschen, auch Kirschspie\u00df genannt<\/p>\n<p style=\"text-align: center\">Es ist eine der ber\u00fchmtesten Aleppo-K\u00fcchen und Teil des antiken Erbes der Stadt<\/p>\n<p style=\"text-align: center\">Ein Teller mit gegrillten Fleischb\u00e4llchen in Kirschsauce<br \/>\nSaures \u201eWashana\u201c und am Boden der Sch\u00fcssel befinden sich in Scheiben geschnittene Brotdreiecke, dekoriert mit knusprigen Pinienkernen oder Mandeln.<\/p>\n","protected":false},"excerpt":{"rendered":"<p>Kirschwasser, Fleisch mit Kirschwasserschale<\/p>\n","protected":false},"featured_media":13166,"template":"","meta":[],"product_brand":[],"product_cat":[68],"product_tag":[],"class_list":{"0":"post-13875","1":"product","2":"type-product","3":"status-publish","4":"has-post-thumbnail","6":"product_cat-lebensmittelversorgung","8":"first","9":"instock","10":"taxable","11":"shipping-taxable","12":"purchasable","13":"product-type-simple"},"_links":{"self":[{"href":"https:\/\/alepposhop.eu\/de\/wp-json\/wp\/v2\/product\/13875"}],"collection":[{"href":"https:\/\/alepposhop.eu\/de\/wp-json\/wp\/v2\/product"}],"about":[{"href":"https:\/\/alepposhop.eu\/de\/wp-json\/wp\/v2\/types\/product"}],"wp:featuredmedia":[{"embeddable":true,"href":"https:\/\/alepposhop.eu\/de\/wp-json\/wp\/v2\/media\/13166"}],"wp:attachment":[{"href":"https:\/\/alepposhop.eu\/de\/wp-json\/wp\/v2\/media?parent=13875"}],"wp:term":[{"taxonomy":"product_brand","embeddable":true,"href":"https:\/\/alepposhop.eu\/de\/wp-json\/wp\/v2\/product_brand?post=13875"},{"taxonomy":"product_cat","embeddable":true,"href":"https:\/\/alepposhop.eu\/de\/wp-json\/wp\/v2\/product_cat?post=13875"},{"taxonomy":"product_tag","embeddable":true,"href":"https:\/\/alepposhop.eu\/de\/wp-json\/wp\/v2\/product_tag?post=13875"}],"curies":[{"name":"wp","href":"https:\/\/api.w.org\/{rel}","templated":true}]}}