{"id":13891,"date":"2021-10-06T13:29:54","date_gmt":"2021-10-06T11:51:53","guid":{"rendered":"https:\/\/alepposhop.eu\/product\/woche-bietet-abendnacks-x3\/"},"modified":"2021-11-11T23:00:16","modified_gmt":"2021-11-11T22:00:16","slug":"woche-bietet-abendnacks-x3","status":"publish","type":"product","link":"https:\/\/alepposhop.eu\/de\/woche-bietet-abendnacks-x3\/","title":{"rendered":"Woche bietet: Abendnacks X3"},"content":{"rendered":"<p style=\"text-align: center;\">250 g gesalzene N\u00fcsse, 250 g Wei\u00dfer K\u00fcrbis, 250 g Chines Cracker<\/p>\n","protected":false},"excerpt":{"rendered":"<p>Gesalzene N\u00fcsse, K\u00fcrbis, chinesische Cracker<\/p>\n","protected":false},"featured_media":13182,"template":"","meta":[],"product_brand":[],"product_cat":[2280],"product_tag":[],"class_list":{"0":"post-13891","1":"product","2":"type-product","3":"status-publish","4":"has-post-thumbnail","6":"product_cat-wochentliche-angebote","8":"first","9":"outofstock","10":"taxable","11":"shipping-taxable","12":"purchasable","13":"product-type-simple"},"_links":{"self":[{"href":"https:\/\/alepposhop.eu\/de\/wp-json\/wp\/v2\/product\/13891"}],"collection":[{"href":"https:\/\/alepposhop.eu\/de\/wp-json\/wp\/v2\/product"}],"about":[{"href":"https:\/\/alepposhop.eu\/de\/wp-json\/wp\/v2\/types\/product"}],"wp:featuredmedia":[{"embeddable":true,"href":"https:\/\/alepposhop.eu\/de\/wp-json\/wp\/v2\/media\/13182"}],"wp:attachment":[{"href":"https:\/\/alepposhop.eu\/de\/wp-json\/wp\/v2\/media?parent=13891"}],"wp:term":[{"taxonomy":"product_brand","embeddable":true,"href":"https:\/\/alepposhop.eu\/de\/wp-json\/wp\/v2\/product_brand?post=13891"},{"taxonomy":"product_cat","embeddable":true,"href":"https:\/\/alepposhop.eu\/de\/wp-json\/wp\/v2\/product_cat?post=13891"},{"taxonomy":"product_tag","embeddable":true,"href":"https:\/\/alepposhop.eu\/de\/wp-json\/wp\/v2\/product_tag?post=13891"}],"curies":[{"name":"wp","href":"https:\/\/api.w.org\/{rel}","templated":true}]}}