{"id":13907,"date":"2021-10-06T13:29:54","date_gmt":"2021-10-06T11:51:53","guid":{"rendered":"https:\/\/alepposhop.eu\/product\/saisonangebote-mahashi-teller-kuerbis-aubergine-kosa-aegyptischer-reis\/"},"modified":"2021-11-12T23:00:05","modified_gmt":"2021-11-12T22:00:05","slug":"saisonangebote-mahashi-teller-kuerbis-aubergine-kosa-aegyptischer-reis","status":"publish","type":"product","link":"https:\/\/alepposhop.eu\/de\/saisonangebote-mahashi-teller-kuerbis-aubergine-kosa-aegyptischer-reis\/","title":{"rendered":"Saisonangebote: Mahashi-Teller (K\u00fcrbis, Aubergine, Kosa, \u00e4gyptischer Reis)"},"content":{"rendered":"<p style=\"text-align: center;\">Die Grundlagen des Mahashi-Gerichts, hausgemachte 25 St\u00fcck Zucchini, 25 Auberginen, 25 K\u00fcrbis, 900 g Al Raai \u00e4gyptischer Reis<\/p>\n","protected":false},"excerpt":{"rendered":"<p>Mehshi Supplies, K\u00fcrbis, Zucchini, Aubergine, Reis, \u00e4gyptischer Reis<\/p>\n","protected":false},"featured_media":14071,"template":"","meta":[],"product_brand":[],"product_cat":[2279],"product_tag":[],"class_list":{"0":"post-13907","1":"product","2":"type-product","3":"status-publish","4":"has-post-thumbnail","6":"product_cat-saisonale-angebote","8":"first","9":"outofstock","10":"taxable","11":"shipping-taxable","12":"purchasable","13":"product-type-simple"},"_links":{"self":[{"href":"https:\/\/alepposhop.eu\/de\/wp-json\/wp\/v2\/product\/13907"}],"collection":[{"href":"https:\/\/alepposhop.eu\/de\/wp-json\/wp\/v2\/product"}],"about":[{"href":"https:\/\/alepposhop.eu\/de\/wp-json\/wp\/v2\/types\/product"}],"wp:featuredmedia":[{"embeddable":true,"href":"https:\/\/alepposhop.eu\/de\/wp-json\/wp\/v2\/media\/14071"}],"wp:attachment":[{"href":"https:\/\/alepposhop.eu\/de\/wp-json\/wp\/v2\/media?parent=13907"}],"wp:term":[{"taxonomy":"product_brand","embeddable":true,"href":"https:\/\/alepposhop.eu\/de\/wp-json\/wp\/v2\/product_brand?post=13907"},{"taxonomy":"product_cat","embeddable":true,"href":"https:\/\/alepposhop.eu\/de\/wp-json\/wp\/v2\/product_cat?post=13907"},{"taxonomy":"product_tag","embeddable":true,"href":"https:\/\/alepposhop.eu\/de\/wp-json\/wp\/v2\/product_tag?post=13907"}],"curies":[{"name":"wp","href":"https:\/\/api.w.org\/{rel}","templated":true}]}}