{"id":13972,"date":"2021-10-06T19:02:38","date_gmt":"2021-10-06T17:11:45","guid":{"rendered":"https:\/\/alepposhop.eu\/product\/hard-kashk\/"},"modified":"2025-02-02T23:08:36","modified_gmt":"2025-02-02T22:08:36","slug":"hard-kashk","status":"publish","type":"product","link":"https:\/\/alepposhop.eu\/de\/hard-kashk\/","title":{"rendered":"Kishk"},"content":{"rendered":"<p style=\"text-align: center\">Gewicht: 500 g<\/p>\n<p style=\"text-align: center\">Syrien ist ber\u00fchmt f\u00fcr die Zubereitung vieler k\u00f6stlicher Gerichte, darunter das syrische Gericht Kishk, das sich durch \u2026 auszeichnet.<br \/>\nKishk schmeckt k\u00f6stlich und ist beliebt und gilt als eines der leicht zuzubereitenden Gerichte, die funktionieren \u2026<br \/>\nEs versorgt den K\u00f6rper mit der n\u00f6tigen W\u00e4rme und wird deshalb im Winter verst\u00e4rkt eingesetzt.<\/p>\n","protected":false},"excerpt":{"rendered":"<p>Kabine, kasha, milch, burger,<\/p>\n","protected":false},"featured_media":13919,"template":"","meta":[],"product_brand":[],"product_cat":[4757],"product_tag":[],"class_list":{"0":"post-13972","1":"product","2":"type-product","3":"status-publish","4":"has-post-thumbnail","6":"product_cat-getreide","8":"first","9":"outofstock","10":"taxable","11":"shipping-taxable","12":"purchasable","13":"product-type-simple"},"_links":{"self":[{"href":"https:\/\/alepposhop.eu\/de\/wp-json\/wp\/v2\/product\/13972"}],"collection":[{"href":"https:\/\/alepposhop.eu\/de\/wp-json\/wp\/v2\/product"}],"about":[{"href":"https:\/\/alepposhop.eu\/de\/wp-json\/wp\/v2\/types\/product"}],"wp:featuredmedia":[{"embeddable":true,"href":"https:\/\/alepposhop.eu\/de\/wp-json\/wp\/v2\/media\/13919"}],"wp:attachment":[{"href":"https:\/\/alepposhop.eu\/de\/wp-json\/wp\/v2\/media?parent=13972"}],"wp:term":[{"taxonomy":"product_brand","embeddable":true,"href":"https:\/\/alepposhop.eu\/de\/wp-json\/wp\/v2\/product_brand?post=13972"},{"taxonomy":"product_cat","embeddable":true,"href":"https:\/\/alepposhop.eu\/de\/wp-json\/wp\/v2\/product_cat?post=13972"},{"taxonomy":"product_tag","embeddable":true,"href":"https:\/\/alepposhop.eu\/de\/wp-json\/wp\/v2\/product_tag?post=13972"}],"curies":[{"name":"wp","href":"https:\/\/api.w.org\/{rel}","templated":true}]}}