{"id":13980,"date":"2021-10-06T19:02:38","date_gmt":"2021-10-06T17:11:45","guid":{"rendered":"https:\/\/alepposhop.eu\/product\/mandarin-veneto-330-ml\/"},"modified":"2021-10-06T19:11:58","modified_gmt":"2021-10-06T17:11:58","slug":"mandarin-veneto-330-ml","status":"publish","type":"product","link":"https:\/\/alepposhop.eu\/de\/mandarin-veneto-330-ml\/","title":{"rendered":"Mandarin Veneto 330 ml"},"content":{"rendered":"<p style=\"text-align: center;\">Ghazi-Getr\u00e4nk, Geschmack von k\u00f6stlichen Fr\u00fcchten<\/p>\n","protected":false},"excerpt":{"rendered":"<p>Ghazi, Cola, Masose, Venetien<\/p>\n","protected":false},"featured_media":13927,"template":"","meta":[],"product_brand":[],"product_cat":[74],"product_tag":[],"class_list":{"0":"post-13980","1":"product","2":"type-product","3":"status-publish","4":"has-post-thumbnail","6":"product_cat-getranke-und-safte","8":"first","9":"outofstock","10":"taxable","11":"shipping-taxable","12":"purchasable","13":"product-type-simple"},"_links":{"self":[{"href":"https:\/\/alepposhop.eu\/de\/wp-json\/wp\/v2\/product\/13980"}],"collection":[{"href":"https:\/\/alepposhop.eu\/de\/wp-json\/wp\/v2\/product"}],"about":[{"href":"https:\/\/alepposhop.eu\/de\/wp-json\/wp\/v2\/types\/product"}],"wp:featuredmedia":[{"embeddable":true,"href":"https:\/\/alepposhop.eu\/de\/wp-json\/wp\/v2\/media\/13927"}],"wp:attachment":[{"href":"https:\/\/alepposhop.eu\/de\/wp-json\/wp\/v2\/media?parent=13980"}],"wp:term":[{"taxonomy":"product_brand","embeddable":true,"href":"https:\/\/alepposhop.eu\/de\/wp-json\/wp\/v2\/product_brand?post=13980"},{"taxonomy":"product_cat","embeddable":true,"href":"https:\/\/alepposhop.eu\/de\/wp-json\/wp\/v2\/product_cat?post=13980"},{"taxonomy":"product_tag","embeddable":true,"href":"https:\/\/alepposhop.eu\/de\/wp-json\/wp\/v2\/product_tag?post=13980"}],"curies":[{"name":"wp","href":"https:\/\/api.w.org\/{rel}","templated":true}]}}