{"id":13984,"date":"2021-10-06T19:02:38","date_gmt":"2021-10-06T17:11:45","guid":{"rendered":"https:\/\/alepposhop.eu\/product\/alfacher-milch-stueck\/"},"modified":"2021-10-06T19:12:02","modified_gmt":"2021-10-06T17:12:02","slug":"alfacher-milch-stueck","status":"publish","type":"product","link":"https:\/\/alepposhop.eu\/de\/alfacher-milch-stueck\/","title":{"rendered":"Alfacher Milch (St\u00fcck)"},"content":{"rendered":"<p style=\"text-align: center;\">Alfacher Milch (St\u00fcck)<\/p>\n","protected":false},"excerpt":{"rendered":"<p>Kuchen, luxuri\u00f6se, luxuri\u00f6se, Kekse, wei\u00dfe Schokolade<\/p>\n","protected":false},"featured_media":13931,"template":"","meta":[],"product_brand":[],"product_cat":[73],"product_tag":[],"class_list":{"0":"post-13984","1":"product","2":"type-product","3":"status-publish","4":"has-post-thumbnail","6":"product_cat-bonbons-und-kekse","8":"first","9":"instock","10":"taxable","11":"shipping-taxable","12":"purchasable","13":"product-type-simple"},"_links":{"self":[{"href":"https:\/\/alepposhop.eu\/de\/wp-json\/wp\/v2\/product\/13984"}],"collection":[{"href":"https:\/\/alepposhop.eu\/de\/wp-json\/wp\/v2\/product"}],"about":[{"href":"https:\/\/alepposhop.eu\/de\/wp-json\/wp\/v2\/types\/product"}],"wp:featuredmedia":[{"embeddable":true,"href":"https:\/\/alepposhop.eu\/de\/wp-json\/wp\/v2\/media\/13931"}],"wp:attachment":[{"href":"https:\/\/alepposhop.eu\/de\/wp-json\/wp\/v2\/media?parent=13984"}],"wp:term":[{"taxonomy":"product_brand","embeddable":true,"href":"https:\/\/alepposhop.eu\/de\/wp-json\/wp\/v2\/product_brand?post=13984"},{"taxonomy":"product_cat","embeddable":true,"href":"https:\/\/alepposhop.eu\/de\/wp-json\/wp\/v2\/product_cat?post=13984"},{"taxonomy":"product_tag","embeddable":true,"href":"https:\/\/alepposhop.eu\/de\/wp-json\/wp\/v2\/product_tag?post=13984"}],"curies":[{"name":"wp","href":"https:\/\/api.w.org\/{rel}","templated":true}]}}