{"id":14543,"date":"2021-12-01T19:10:38","date_gmt":"2021-12-01T18:21:43","guid":{"rendered":"https:\/\/alepposhop.eu\/product\/chrismas-geschenkbox-xs\/"},"modified":"2021-12-31T00:02:23","modified_gmt":"2021-12-30T23:02:23","slug":"chrismas-geschenkbox-xs","status":"publish","type":"product","link":"https:\/\/alepposhop.eu\/de\/chrismas-geschenkbox-xs\/","title":{"rendered":"Chrismas Geschenkbox xs"},"content":{"rendered":"<p style=\"text-align: center;\">Eine praktische verzierte Geschenkbox, die anl\u00e4sslich des herrlichen Weihnachten als Geschenk erteilt wird. Es hat 300 g luxuri\u00f6se Vorh\u00e4nge<\/p>\n","protected":false},"excerpt":{"rendered":"<p>Weihnachten, Geschenk, Gastfreundschaft, herrliches Weihnachtsfest<\/p>\n","protected":false},"featured_media":14498,"template":"","meta":[],"product_brand":[],"product_cat":[72],"product_tag":[3497],"class_list":{"0":"post-14543","1":"product","2":"type-product","3":"status-publish","4":"has-post-thumbnail","6":"product_cat-orientalische-susigkeiten","7":"product_tag-delights-de","9":"first","10":"outofstock","11":"taxable","12":"shipping-taxable","13":"purchasable","14":"product-type-simple"},"_links":{"self":[{"href":"https:\/\/alepposhop.eu\/de\/wp-json\/wp\/v2\/product\/14543"}],"collection":[{"href":"https:\/\/alepposhop.eu\/de\/wp-json\/wp\/v2\/product"}],"about":[{"href":"https:\/\/alepposhop.eu\/de\/wp-json\/wp\/v2\/types\/product"}],"wp:featuredmedia":[{"embeddable":true,"href":"https:\/\/alepposhop.eu\/de\/wp-json\/wp\/v2\/media\/14498"}],"wp:attachment":[{"href":"https:\/\/alepposhop.eu\/de\/wp-json\/wp\/v2\/media?parent=14543"}],"wp:term":[{"taxonomy":"product_brand","embeddable":true,"href":"https:\/\/alepposhop.eu\/de\/wp-json\/wp\/v2\/product_brand?post=14543"},{"taxonomy":"product_cat","embeddable":true,"href":"https:\/\/alepposhop.eu\/de\/wp-json\/wp\/v2\/product_cat?post=14543"},{"taxonomy":"product_tag","embeddable":true,"href":"https:\/\/alepposhop.eu\/de\/wp-json\/wp\/v2\/product_tag?post=14543"}],"curies":[{"name":"wp","href":"https:\/\/api.w.org\/{rel}","templated":true}]}}