{"id":14559,"date":"2021-12-01T19:10:38","date_gmt":"2021-12-01T18:21:43","guid":{"rendered":"https:\/\/alepposhop.eu\/product\/acrestine-gift-fund-xl\/"},"modified":"2021-12-31T00:02:23","modified_gmt":"2021-12-30T23:02:23","slug":"acrestine-gift-fund-xl","status":"publish","type":"product","link":"https:\/\/alepposhop.eu\/de\/acrestine-gift-fund-xl\/","title":{"rendered":"Acrestine Gift Fund XL"},"content":{"rendered":"<p style=\"text-align: center;\">Eine praktische verzierte Geschenkbox, die anl\u00e4sslich des herrlichen Weihnachten als Galerie pr\u00e4sentiert wird. Es hat 1000 g Luxusvorh\u00e4nge + 500 g gesalzene N\u00fcsse + 500 g Ger\u00e4uchermuttern<\/p>\n","protected":false},"excerpt":{"rendered":"<p>Weihnachten, Geschenk, Gastfreundschaft, herrliches Weihnachtsfest<\/p>\n","protected":false},"featured_media":14514,"template":"","meta":[],"product_brand":[],"product_cat":[72],"product_tag":[3497],"class_list":{"0":"post-14559","1":"product","2":"type-product","3":"status-publish","4":"has-post-thumbnail","6":"product_cat-orientalische-susigkeiten","7":"product_tag-delights-de","9":"first","10":"outofstock","11":"taxable","12":"shipping-taxable","13":"purchasable","14":"product-type-simple"},"_links":{"self":[{"href":"https:\/\/alepposhop.eu\/de\/wp-json\/wp\/v2\/product\/14559"}],"collection":[{"href":"https:\/\/alepposhop.eu\/de\/wp-json\/wp\/v2\/product"}],"about":[{"href":"https:\/\/alepposhop.eu\/de\/wp-json\/wp\/v2\/types\/product"}],"wp:featuredmedia":[{"embeddable":true,"href":"https:\/\/alepposhop.eu\/de\/wp-json\/wp\/v2\/media\/14514"}],"wp:attachment":[{"href":"https:\/\/alepposhop.eu\/de\/wp-json\/wp\/v2\/media?parent=14559"}],"wp:term":[{"taxonomy":"product_brand","embeddable":true,"href":"https:\/\/alepposhop.eu\/de\/wp-json\/wp\/v2\/product_brand?post=14559"},{"taxonomy":"product_cat","embeddable":true,"href":"https:\/\/alepposhop.eu\/de\/wp-json\/wp\/v2\/product_cat?post=14559"},{"taxonomy":"product_tag","embeddable":true,"href":"https:\/\/alepposhop.eu\/de\/wp-json\/wp\/v2\/product_tag?post=14559"}],"curies":[{"name":"wp","href":"https:\/\/api.w.org\/{rel}","templated":true}]}}