{"id":15337,"date":"2022-01-08T02:05:41","date_gmt":"2022-01-08T01:30:32","guid":{"rendered":"https:\/\/alepposhop.eu\/product\/doberka-gekochter-joghurt\/"},"modified":"2024-05-14T12:38:41","modified_gmt":"2024-05-14T10:38:41","slug":"doberka-gekochter-joghurt","status":"publish","type":"product","link":"https:\/\/alepposhop.eu\/de\/doberka-gekochter-joghurt\/","title":{"rendered":"Duberka (gekochter Joghurt)"},"content":{"rendered":"<p style=\"text-align: center\">500 gr<\/p>\n<p style=\"text-align: center\">Doubirka oder gekochte Joghurt ist eines der wichtigsten syrischen M\u00f6rsergerichte, bei dem Schaf- und Ziegenjoghurt mit Salz in einen Topf gegeben und dann \u00fcber dem Feuer gekocht wird. Doubirka wird f\u00fcr die Zubereitung von Kuchen und Wintergerichten verwendet Labneh, Shakriyya, arman und einige Gerichte, die gekochte Joghurt ben\u00f6tigen.<\/p>\n","protected":false},"excerpt":{"rendered":"<p>Labneh, Doberka, gekochter Joghurt, Joghurt<\/p>\n","protected":false},"featured_media":15180,"template":"","meta":[],"product_brand":[],"product_cat":[67,68],"product_tag":[5482],"class_list":{"0":"post-15337","1":"product","2":"type-product","3":"status-publish","4":"has-post-thumbnail","6":"product_cat-fruhstuck","7":"product_cat-lebensmittelversorgung","8":"product_tag--de","10":"first","11":"instock","12":"taxable","13":"shipping-taxable","14":"purchasable","15":"product-type-simple"},"_links":{"self":[{"href":"https:\/\/alepposhop.eu\/de\/wp-json\/wp\/v2\/product\/15337"}],"collection":[{"href":"https:\/\/alepposhop.eu\/de\/wp-json\/wp\/v2\/product"}],"about":[{"href":"https:\/\/alepposhop.eu\/de\/wp-json\/wp\/v2\/types\/product"}],"wp:featuredmedia":[{"embeddable":true,"href":"https:\/\/alepposhop.eu\/de\/wp-json\/wp\/v2\/media\/15180"}],"wp:attachment":[{"href":"https:\/\/alepposhop.eu\/de\/wp-json\/wp\/v2\/media?parent=15337"}],"wp:term":[{"taxonomy":"product_brand","embeddable":true,"href":"https:\/\/alepposhop.eu\/de\/wp-json\/wp\/v2\/product_brand?post=15337"},{"taxonomy":"product_cat","embeddable":true,"href":"https:\/\/alepposhop.eu\/de\/wp-json\/wp\/v2\/product_cat?post=15337"},{"taxonomy":"product_tag","embeddable":true,"href":"https:\/\/alepposhop.eu\/de\/wp-json\/wp\/v2\/product_tag?post=15337"}],"curies":[{"name":"wp","href":"https:\/\/api.w.org\/{rel}","templated":true}]}}