{"id":15361,"date":"2022-01-08T02:05:41","date_gmt":"2022-01-08T01:30:32","guid":{"rendered":"https:\/\/alepposhop.eu\/product\/hagebutte-lebensmittel\/"},"modified":"2022-01-08T02:31:22","modified_gmt":"2022-01-08T01:31:22","slug":"hagebutte-lebensmittel","status":"publish","type":"product","link":"https:\/\/alepposhop.eu\/de\/hagebutte-lebensmittel\/","title":{"rendered":"Hagebutte (Lebensmittel)"},"content":{"rendered":"<p style=\"text-align: center;\">Es wird als Aroma, das zu Tee hinzugef\u00fcgt ist, verwendet und wird auch verwendet, um Gelee, Marmelade, Eiscreme und S\u00fc\u00dfigkeiten herzustellen, und seine Samen sind gemahlen und als Gew\u00fcrze zum Aroma-Nahrungsmittel verwendet.<\/p>\n","protected":false},"excerpt":{"rendered":"<p>Kr\u00e4uter, Rosen, Blumen, Tee, S\u00fc\u00dfigkeiten, Garnieren, getrocknet, Tee<\/p>\n","protected":false},"featured_media":15204,"template":"","meta":[],"product_brand":[],"product_cat":[70],"product_tag":[],"class_list":{"0":"post-15361","1":"product","2":"type-product","3":"status-publish","4":"has-post-thumbnail","6":"product_cat-krauter-und-ptisan","8":"first","9":"instock","10":"taxable","11":"shipping-taxable","12":"purchasable","13":"product-type-simple"},"_links":{"self":[{"href":"https:\/\/alepposhop.eu\/de\/wp-json\/wp\/v2\/product\/15361"}],"collection":[{"href":"https:\/\/alepposhop.eu\/de\/wp-json\/wp\/v2\/product"}],"about":[{"href":"https:\/\/alepposhop.eu\/de\/wp-json\/wp\/v2\/types\/product"}],"wp:featuredmedia":[{"embeddable":true,"href":"https:\/\/alepposhop.eu\/de\/wp-json\/wp\/v2\/media\/15204"}],"wp:attachment":[{"href":"https:\/\/alepposhop.eu\/de\/wp-json\/wp\/v2\/media?parent=15361"}],"wp:term":[{"taxonomy":"product_brand","embeddable":true,"href":"https:\/\/alepposhop.eu\/de\/wp-json\/wp\/v2\/product_brand?post=15361"},{"taxonomy":"product_cat","embeddable":true,"href":"https:\/\/alepposhop.eu\/de\/wp-json\/wp\/v2\/product_cat?post=15361"},{"taxonomy":"product_tag","embeddable":true,"href":"https:\/\/alepposhop.eu\/de\/wp-json\/wp\/v2\/product_tag?post=15361"}],"curies":[{"name":"wp","href":"https:\/\/api.w.org\/{rel}","templated":true}]}}